{"id":20360,"date":"2022-05-05T14:38:45","date_gmt":"2022-05-05T14:38:45","guid":{"rendered":"http:\/\/hormigaemergente.com.ar\/wp2\/?post_type=product&#038;p=20360"},"modified":"2025-09-10T19:29:22","modified_gmt":"2025-09-10T19:29:22","slug":"sillon-aluminum-bajo-aluminio","status":"publish","type":"product","link":"https:\/\/www.hormigaemergente.com.ar\/2025\/producto\/sillon-aluminum-bajo-aluminio\/","title":{"rendered":"Aluminum Bajo"},"content":{"rendered":"<p>Descripci\u00f3n<br \/>\nSilla de Escritorio Aluminum Bajo<\/p>\n<p>Para hogares y oficinas, donde quieras que se la coloque, esta sillas es una declaraci\u00f3n \u00fanica sobre excelencia del dise\u00f1o.<br \/>\n_ _ _ _ _ _ _ _ _ _ _ _ _ _ _ _ _ _ _ _ _ _ _ _ _ _ _ _ _ _ _ _ _ _ _<br \/>\n* MATERIALIDAD:<br \/>\nEstructura de fundici\u00f3n de aluminio<br \/>\nBase de estrella conformada por ruedas en color gris oscuro<br \/>\nApoya brazos en dicho material.<br \/>\nSistema de elevaci\u00f3n a gas<br \/>\nSistema basculante<br \/>\nGira 360\u00b0<br \/>\nTapizada en Ecco Cuero Talampaya negro o blanco<\/p>\n<p>La realizamos en la tela que desees! Consultanos!<br \/>\n_ _ _ _ _ _ _ _ _ _ _ _ _ _ _ _ _ _ _ _ _ _ _ _ _ _ _ _ _ _ _ _ _ _ _<br \/>\n* DIMENSIONES:<br \/>\n70cm de largo x 57 cm de profundidad x 90 cm de altura.<br \/>\n_ _ _ _ _ _ _ _ _ _ _ _ _ _ _ _ _ _ _ _ _ _ _ _ _ _ _ _ _ _ _ _ _ _ _<\/p>\n<p>Ab\u00f3nalo hasta en 12 cuotas sin inter\u00e9s.<br \/>\nConsulta valores en efectivo!<br \/>\n_ _ _ _ _ _ _ _ _ _ _ _ _ _ _ _ _ _ _ _ _ _ _ _ _ _ _ _ _ _ _ _ _ _ _<br \/>\nTenes dise\u00f1o, Tenes Industria Argentina<\/p>\n","protected":false},"excerpt":{"rendered":"<p>Descripci\u00f3n Silla de Escritorio Aluminum Bajo Para hogares y oficinas, donde quieras que se la coloque, esta sillas es una<\/p>\n","protected":false},"featured_media":21788,"comment_status":"open","ping_status":"closed","template":"","meta":{"_joinchat":[]},"product_brand":[],"product_cat":[132,125,140],"product_tag":[],"class_list":{"0":"post-20360","1":"product","2":"type-product","3":"status-publish","4":"has-post-thumbnail","6":"product_cat-alq-sillas","7":"product_cat-alquileres","8":"product_cat-sillas","10":"first","11":"instock","12":"shipping-taxable","13":"product-type-simple"},"_links":{"self":[{"href":"https:\/\/www.hormigaemergente.com.ar\/2025\/wp-json\/wp\/v2\/product\/20360","targetHints":{"allow":["GET"]}}],"collection":[{"href":"https:\/\/www.hormigaemergente.com.ar\/2025\/wp-json\/wp\/v2\/product"}],"about":[{"href":"https:\/\/www.hormigaemergente.com.ar\/2025\/wp-json\/wp\/v2\/types\/product"}],"replies":[{"embeddable":true,"href":"https:\/\/www.hormigaemergente.com.ar\/2025\/wp-json\/wp\/v2\/comments?post=20360"}],"wp:featuredmedia":[{"embeddable":true,"href":"https:\/\/www.hormigaemergente.com.ar\/2025\/wp-json\/wp\/v2\/media\/21788"}],"wp:attachment":[{"href":"https:\/\/www.hormigaemergente.com.ar\/2025\/wp-json\/wp\/v2\/media?parent=20360"}],"wp:term":[{"taxonomy":"product_brand","embeddable":true,"href":"https:\/\/www.hormigaemergente.com.ar\/2025\/wp-json\/wp\/v2\/product_brand?post=20360"},{"taxonomy":"product_cat","embeddable":true,"href":"https:\/\/www.hormigaemergente.com.ar\/2025\/wp-json\/wp\/v2\/product_cat?post=20360"},{"taxonomy":"product_tag","embeddable":true,"href":"https:\/\/www.hormigaemergente.com.ar\/2025\/wp-json\/wp\/v2\/product_tag?post=20360"}],"curies":[{"name":"wp","href":"https:\/\/api.w.org\/{rel}","templated":true}]}}