{"id":20397,"date":"2022-05-05T16:30:54","date_gmt":"2022-05-05T16:30:54","guid":{"rendered":"http:\/\/hormigaemergente.com.ar\/wp2\/?post_type=product&#038;p=20397"},"modified":"2025-09-10T18:56:34","modified_gmt":"2025-09-10T18:56:34","slug":"swan","status":"publish","type":"product","link":"https:\/\/www.hormigaemergente.com.ar\/2025\/producto\/swan\/","title":{"rendered":"Swan"},"content":{"rendered":"<p>Swan<\/p>\n<p>Sill\u00f3n de un cuerpo dise\u00f1ado por Arne Jacobsen es uno de los cl\u00e1sicos m\u00e1s populares de la industria del dise\u00f1o mobiliario. Posee un alto confort proporcionado.<br \/>\nFue una innovaci\u00f3n tecnol\u00f3gica: sin l\u00edneas rectas, curvas solamente y un armaz\u00f3n de material sint\u00e9tico sobre una base giratoria de meta en forma de estrella.<\/p>\n<p>_ _ _ _ _ _ _ _ _ _ _ _ _ _ _ _ _ _ _ _ _ _ _ _ _ _ _ _ _ _ _ _ _ _<br \/>\n* MATERIALIDAD:<\/p>\n<p>Base de 5 puntas cromada<br \/>\nEstructura de resina de polyester con fibra de vidrio<br \/>\nAcolchado de espuma pre moldeada en forma artesanal<br \/>\nAlmohad\u00f3n densidad de 29 kg.<br \/>\nTerminaci\u00f3n cosido a mano.<br \/>\nPosee sistema de elevaci\u00f3n a gas.<br \/>\nGira 360 grados<br \/>\nCombina texturas y colores<br \/>\n_ _ _ _ _ _ _ _ _ _ _ _ _ _ _ _ _ _ _ _ _ _ _ _ _ _ _ _ _ _ _ _ _ _ _<br \/>\n* DIMENSIONES:<br \/>\n74 cm de largo x 68 cm de profundidad x 77 cm de altura<br \/>\n_ _ _ _ _ _ _ _ _ _ _ _ _ _ _ _ _ _ _ _ _ _ _ _ _ _ _ _ _ _ _ _ _ _ _<\/p>\n<p>Ab\u00f3nalo hasta en 12 cuotas sin inter\u00e9s.<\/p>\n<p>Consulta valores en efectivo!<br \/>\n_ _ _ _ _ _ _ _ _ _ _ _ _ _ _ _ _ _ _ _ _ _ _ _ _ _ _ _ _ _ _ _ _ _ _<\/p>\n<p>Tenes dise\u00f1o, Tenes Industria Argentina<\/p>\n","protected":false},"excerpt":{"rendered":"<p>Swan Sill\u00f3n de un cuerpo dise\u00f1ado por Arne Jacobsen es uno de los cl\u00e1sicos m\u00e1s populares de la industria del<\/p>\n","protected":false},"featured_media":21784,"comment_status":"open","ping_status":"closed","template":"","meta":{"_joinchat":[]},"product_brand":[],"product_cat":[132,125,140],"product_tag":[],"class_list":{"0":"post-20397","1":"product","2":"type-product","3":"status-publish","4":"has-post-thumbnail","6":"product_cat-alq-sillas","7":"product_cat-alquileres","8":"product_cat-sillas","10":"first","11":"instock","12":"shipping-taxable","13":"product-type-simple"},"_links":{"self":[{"href":"https:\/\/www.hormigaemergente.com.ar\/2025\/wp-json\/wp\/v2\/product\/20397","targetHints":{"allow":["GET"]}}],"collection":[{"href":"https:\/\/www.hormigaemergente.com.ar\/2025\/wp-json\/wp\/v2\/product"}],"about":[{"href":"https:\/\/www.hormigaemergente.com.ar\/2025\/wp-json\/wp\/v2\/types\/product"}],"replies":[{"embeddable":true,"href":"https:\/\/www.hormigaemergente.com.ar\/2025\/wp-json\/wp\/v2\/comments?post=20397"}],"wp:featuredmedia":[{"embeddable":true,"href":"https:\/\/www.hormigaemergente.com.ar\/2025\/wp-json\/wp\/v2\/media\/21784"}],"wp:attachment":[{"href":"https:\/\/www.hormigaemergente.com.ar\/2025\/wp-json\/wp\/v2\/media?parent=20397"}],"wp:term":[{"taxonomy":"product_brand","embeddable":true,"href":"https:\/\/www.hormigaemergente.com.ar\/2025\/wp-json\/wp\/v2\/product_brand?post=20397"},{"taxonomy":"product_cat","embeddable":true,"href":"https:\/\/www.hormigaemergente.com.ar\/2025\/wp-json\/wp\/v2\/product_cat?post=20397"},{"taxonomy":"product_tag","embeddable":true,"href":"https:\/\/www.hormigaemergente.com.ar\/2025\/wp-json\/wp\/v2\/product_tag?post=20397"}],"curies":[{"name":"wp","href":"https:\/\/api.w.org\/{rel}","templated":true}]}}