{"id":20408,"date":"2022-05-05T18:34:48","date_gmt":"2022-05-05T18:34:48","guid":{"rendered":"http:\/\/hormigaemergente.com.ar\/wp2\/?post_type=product&#038;p=20408"},"modified":"2025-08-13T16:40:28","modified_gmt":"2025-08-13T16:40:28","slug":"egg","status":"publish","type":"product","link":"https:\/\/www.hormigaemergente.com.ar\/2025\/producto\/egg\/","title":{"rendered":"Egg"},"content":{"rendered":"<p>Sill\u00f3n Egg<\/p>\n<p>Sill\u00f3n de un cuerpo dise\u00f1ado por Arne Jacobsen (1902 \u20131971)<br \/>\nFue dise\u00f1ada en los a\u00f1os 60, con la idea de generar una propuesta que, a partir de una sola pieza, lograra resolver el asiento, el respaldo y los reposabrazos.<\/p>\n<p>_ _ _ _ _ _ _ _ _ _ _ _ _ _ _ _ _ _ _ _ _ _ _ _ _ _ _ _ _ _ _ _ _ _ _<br \/>\n* MATERIALIDAD:<\/p>\n<p>Base de 5 puntas cromadas,<br \/>\nEstructura de resina de polyester con fibra de vidrio<br \/>\nAcolchado de espuma pre moldeada en forma artesanal<br \/>\nAlmohad\u00f3n densidad de 29 kg.<br \/>\nTerminaci\u00f3n cosido a mano.<br \/>\nPosee sistema basculante y elevaci\u00f3n a gas.<br \/>\nGira 360 grados<br \/>\nTapizado en Ecocuero Talampaya<\/p>\n<p>Consultar posibilidades de realizaci\u00f3n en otras telas!<\/p>\n<p>_ _ _ _ _ _ _ _ _ _ _ _ _ _ _ _ _ _ _ _ _ _ _ _ _ _ _ _ _ _ _ _ _ _ _<br \/>\n* DIMENSIONES:<br \/>\n87 cm de ancho x 80 de profundida x 120 de altura cm<br \/>\nUna vez elevado, aumenta a 130 cm de altura<br \/>\n_ _ _ _ _ _ _ _ _ _ _ _ _ _ _ _ _ _ _ _ _ _ _ _ _ _ _ _ _ _ _ _ _ _ _<\/p>\n<p>Consulta valores en efectivo!<br \/>\n_ _ _ _ _ _ _ _ _ _ _ _ _ _ _ _ _ _ _ _ _ _ _ _ _ _ _ _ _ _ _ _ _ _ _<\/p>\n<p>&nbsp;<\/p>\n<p>&nbsp;<\/p>\n","protected":false},"excerpt":{"rendered":"<p>Sill\u00f3n Egg Sill\u00f3n de un cuerpo dise\u00f1ado por Arne Jacobsen (1902 \u20131971) Fue dise\u00f1ada en los a\u00f1os 60, con la<\/p>\n","protected":false},"featured_media":21390,"comment_status":"open","ping_status":"closed","template":"","meta":{"_joinchat":[]},"product_brand":[],"product_cat":[140],"product_tag":[282,281,278,280,277,221],"class_list":{"0":"post-20408","1":"product","2":"type-product","3":"status-publish","4":"has-post-thumbnail","6":"product_cat-sillas","7":"product_tag-pana-antimanchas","8":"product_tag-sillon-basculante","9":"product_tag-sillon-con-elevacion-a-gas","10":"product_tag-sillon-egg","11":"product_tag-sillon-giratorio","12":"product_tag-sillon-pana-antimanchas","14":"first","15":"instock","16":"shipping-taxable","17":"product-type-simple"},"_links":{"self":[{"href":"https:\/\/www.hormigaemergente.com.ar\/2025\/wp-json\/wp\/v2\/product\/20408","targetHints":{"allow":["GET"]}}],"collection":[{"href":"https:\/\/www.hormigaemergente.com.ar\/2025\/wp-json\/wp\/v2\/product"}],"about":[{"href":"https:\/\/www.hormigaemergente.com.ar\/2025\/wp-json\/wp\/v2\/types\/product"}],"replies":[{"embeddable":true,"href":"https:\/\/www.hormigaemergente.com.ar\/2025\/wp-json\/wp\/v2\/comments?post=20408"}],"wp:featuredmedia":[{"embeddable":true,"href":"https:\/\/www.hormigaemergente.com.ar\/2025\/wp-json\/wp\/v2\/media\/21390"}],"wp:attachment":[{"href":"https:\/\/www.hormigaemergente.com.ar\/2025\/wp-json\/wp\/v2\/media?parent=20408"}],"wp:term":[{"taxonomy":"product_brand","embeddable":true,"href":"https:\/\/www.hormigaemergente.com.ar\/2025\/wp-json\/wp\/v2\/product_brand?post=20408"},{"taxonomy":"product_cat","embeddable":true,"href":"https:\/\/www.hormigaemergente.com.ar\/2025\/wp-json\/wp\/v2\/product_cat?post=20408"},{"taxonomy":"product_tag","embeddable":true,"href":"https:\/\/www.hormigaemergente.com.ar\/2025\/wp-json\/wp\/v2\/product_tag?post=20408"}],"curies":[{"name":"wp","href":"https:\/\/api.w.org\/{rel}","templated":true}]}}