{"id":20431,"date":"2022-05-10T17:11:03","date_gmt":"2022-05-10T17:11:03","guid":{"rendered":"http:\/\/hormigaemergente.com.ar\/wp2\/?post_type=product&#038;p=20431"},"modified":"2025-10-24T16:01:46","modified_gmt":"2025-10-24T16:01:46","slug":"thames","status":"publish","type":"product","link":"https:\/\/www.hormigaemergente.com.ar\/2025\/producto\/thames\/","title":{"rendered":"Thames"},"content":{"rendered":"<p>Sof\u00e1 Thames<\/p>\n<p>Sof\u00e1 de estilo vintage escandinavo.<br \/>\nSus apoya brazos y respaldo fueron dise\u00f1ados a la misma altura para asegurarte una sensaci\u00f3n de contenci\u00f3n a la hora de sentarte.<\/p>\n<p>Dale ese toque chic vintage a todos tus espacios\u2026<br \/>\n_ _ _ _ _ _ _ _ _ _ _ _ _ _ _ _ _ _ _ _ _ _ _ _ _ _ _ _ _ _ _ _ _ _ _<br \/>\n* MATERIALIDAD:<\/p>\n<p>Estructura de madera saligna estacionada.<br \/>\nPlaca soft de 29 kg de densidad<br \/>\nEl almohad\u00f3n posee una funda con cierre, lavable<br \/>\nPatas de madera de cerejeira torneadas<br \/>\nTapizado a elecci\u00f3n<\/p>\n<p>Combina texturas y colores<br \/>\n_ _ _ _ _ _ _ _ _ _ _ _ _ _ _ _ _ _ _ _ _ _ _ _ _ _ _ _ _ _ _ _ _ _ _<br \/>\n* DIMENSIONES:<br \/>\n180 cm de largo x 80 cm de profundidad<\/p>\n<p>_ _ _ _ _ _ _ _ _ _ _ _ _ _ _ _ _ _ _ _ _ _ _ _ _ _ _ _ _ _ _ _ _ _ _<\/p>\n<p>Ab\u00f3nalo hasta en 12 cuotas sin inter\u00e9s.<\/p>\n<p>Consulta en valor de telas exclusivas, como linos, cueros, con procesos antimanchas, y telas para exteriores<\/p>\n<p>Consulta valores en efectivo!<\/p>\n<p>_ _ _ _ _ _ _ _ _ _ _ _ _ _ _ _ _ _ _ _ _ _ _ _ _ _ _ _ _ _ _ _ _ _ _<\/p>\n<p>Tenes dise\u00f1o, Tenes Industria Argentina<\/p>\n","protected":false},"excerpt":{"rendered":"<p><span style=\"vertical-align: inherit;\"><span style=\"vertical-align: inherit;\">El tapizado es una elecci\u00f3n que puede combinar texturas y colores.<\/span><\/span><\/p>\n<p><span style=\"vertical-align: inherit;\"><span style=\"vertical-align: inherit;\">\u00a1Consulta valores en efectivo!<\/span><\/span><\/p>\n<p><span style=\"vertical-align: inherit;\"><span style=\"vertical-align: inherit;\">_ _ _ _ _ _ _ _ _ _ _ _ _ _ _ _ _ _ _ _ _ _ _ _ _ _ _ _ _ _ _ _ _ _ _<\/span><\/span><\/p>\n<p><span style=\"vertical-align: inherit;\"><span style=\"vertical-align: inherit;\">Tenes dise\u00f1o, Tenes Industria Argentina<\/span><\/span><\/p>\n","protected":false},"featured_media":21865,"comment_status":"open","ping_status":"closed","template":"","meta":{"_joinchat":[]},"product_brand":[],"product_cat":[133,125,109,137,138],"product_tag":[],"class_list":{"0":"post-20431","1":"product","2":"type-product","3":"status-publish","4":"has-post-thumbnail","6":"product_cat-alq-sofas","7":"product_cat-alquileres","8":"product_cat-casa","9":"product_cat-muebles","10":"product_cat-sofa","12":"first","13":"instock","14":"shipping-taxable","15":"product-type-variable"},"_links":{"self":[{"href":"https:\/\/www.hormigaemergente.com.ar\/2025\/wp-json\/wp\/v2\/product\/20431","targetHints":{"allow":["GET"]}}],"collection":[{"href":"https:\/\/www.hormigaemergente.com.ar\/2025\/wp-json\/wp\/v2\/product"}],"about":[{"href":"https:\/\/www.hormigaemergente.com.ar\/2025\/wp-json\/wp\/v2\/types\/product"}],"replies":[{"embeddable":true,"href":"https:\/\/www.hormigaemergente.com.ar\/2025\/wp-json\/wp\/v2\/comments?post=20431"}],"wp:featuredmedia":[{"embeddable":true,"href":"https:\/\/www.hormigaemergente.com.ar\/2025\/wp-json\/wp\/v2\/media\/21865"}],"wp:attachment":[{"href":"https:\/\/www.hormigaemergente.com.ar\/2025\/wp-json\/wp\/v2\/media?parent=20431"}],"wp:term":[{"taxonomy":"product_brand","embeddable":true,"href":"https:\/\/www.hormigaemergente.com.ar\/2025\/wp-json\/wp\/v2\/product_brand?post=20431"},{"taxonomy":"product_cat","embeddable":true,"href":"https:\/\/www.hormigaemergente.com.ar\/2025\/wp-json\/wp\/v2\/product_cat?post=20431"},{"taxonomy":"product_tag","embeddable":true,"href":"https:\/\/www.hormigaemergente.com.ar\/2025\/wp-json\/wp\/v2\/product_tag?post=20431"}],"curies":[{"name":"wp","href":"https:\/\/api.w.org\/{rel}","templated":true}]}}