{"id":20511,"date":"2022-05-11T13:09:10","date_gmt":"2022-05-11T13:09:10","guid":{"rendered":"http:\/\/hormigaemergente.com.ar\/wp2\/?post_type=product&#038;p=20511"},"modified":"2025-09-08T13:50:24","modified_gmt":"2025-09-08T13:50:24","slug":"mesa-cono","status":"publish","type":"product","link":"https:\/\/www.hormigaemergente.com.ar\/2025\/producto\/mesa-cono\/","title":{"rendered":"Mesa Cono"},"content":{"rendered":"<p>Mesa Cono<\/p>\n<p>Tambi\u00e9n llamada mesa Hongo<br \/>\n_ _ _ _ _ _ _ _ _ _ _ _ _ _ _ _ _ _ _ _ _ _ _ _ _ _ _ _ _ _ _ _ _ _ _<br \/>\n* MATERIALIDAD:<\/p>\n<p>Estructura met\u00e1lica reforzada en fibra de vidrio en forma de cono<br \/>\nTapa de madera con terminaci\u00f3n en Gel Paint:<br \/>\nEste, es un derivado del gel coat, realizado especialmente para pintar maderas.<br \/>\nOfrece un acabado que a la vista, es similar al laqueado, pero con una dureza<br \/>\nmuy superior (resiste m\u00e1s a los rayones) y un espesor 10 veces mayor al poliuretano com\u00fan.<\/p>\n<p>Tapa de enchapada en para\u00edso o eucalipto con terminaci\u00f3n en resina con canto dan\u00e9s a 45\u00b0.<\/p>\n<p>Consulta otros materiales!<br \/>\n_ _ _ _ _ _ _ _ _ _ _ _ _ _ _ _ _ _ _ _ _ _ _ _ _ _ _ _ _ _ _ _ _ _ _<br \/>\n* DIMENSIONES:<\/p>\n<p>Altura: 73 cm<br \/>\n_ _ _ _ _ _ _ _ _ _ _ _ _ _ _ _ _ _ _ _ _ _ _ _ _ _ _ _ _ _ _ _ _ _ _<br \/>\n* VALOR DE LISTA<\/p>\n<p>Diam. 90 cm base chica: o efectiv<\/p>\n<p>Diam. 100 cm base chica: o efectivo &#8211;<\/p>\n<p>Diam.110 cm base chica:.- o efectivo<\/p>\n<p>Diam.110 cm base grande:en efectivo<\/p>\n<p>Diam.120 cm base grande: o efectivo<\/p>\n<p>Diam.130 cm base grande:\u2013<\/p>\n<p>Ab\u00f3nalo hasta en 12 cuotas sin inter\u00e9s.<\/p>\n<p>Consulta valores en efectivo!<\/p>\n<p>Consulta color para alquilar!<br \/>\n_ _ _ _ _ _ _ _ _ _ _ _ _ _ _ _ _ _ _ _ _ _ _ _ _ _ _ _ _ _ _ _ _ _ _<br \/>\nTenes dise\u00f1o, Tenes Industria Argentina<\/p>\n<p>Cuando realices tu pedido, podr\u00e1s optar por retiro o env\u00edo de compra. Los plazos de entrega est\u00e1n detallados en la descripci\u00f3n del producto (desde 5 d\u00edas hasta 60 d\u00edas h\u00e1biles seg\u00fan producto).<\/p>\n<p>Ten\u00e9s dos opciones para seleccionar como punto de retiro de tu compra:<\/p>\n<p>Showroom: En Concepcion Arenal 4395 , Chacarita.<\/p>\n","protected":false},"excerpt":{"rendered":"<p>Mesa Cono Tambi\u00e9n llamada mesa Hongo _ _ _ _ _ _ _ _ _ _ _ _ _ _<\/p>\n","protected":false},"featured_media":21696,"comment_status":"open","ping_status":"closed","template":"","meta":{"_joinchat":[]},"product_brand":[],"product_cat":[128,125,109,116],"product_tag":[],"class_list":{"0":"post-20511","1":"product","2":"type-product","3":"status-publish","4":"has-post-thumbnail","6":"product_cat-alq-mesas","7":"product_cat-alquileres","8":"product_cat-casa","9":"product_cat-mesas","11":"first","12":"instock","13":"shipping-taxable","14":"purchasable","15":"product-type-variable"},"_links":{"self":[{"href":"https:\/\/www.hormigaemergente.com.ar\/2025\/wp-json\/wp\/v2\/product\/20511","targetHints":{"allow":["GET"]}}],"collection":[{"href":"https:\/\/www.hormigaemergente.com.ar\/2025\/wp-json\/wp\/v2\/product"}],"about":[{"href":"https:\/\/www.hormigaemergente.com.ar\/2025\/wp-json\/wp\/v2\/types\/product"}],"replies":[{"embeddable":true,"href":"https:\/\/www.hormigaemergente.com.ar\/2025\/wp-json\/wp\/v2\/comments?post=20511"}],"wp:featuredmedia":[{"embeddable":true,"href":"https:\/\/www.hormigaemergente.com.ar\/2025\/wp-json\/wp\/v2\/media\/21696"}],"wp:attachment":[{"href":"https:\/\/www.hormigaemergente.com.ar\/2025\/wp-json\/wp\/v2\/media?parent=20511"}],"wp:term":[{"taxonomy":"product_brand","embeddable":true,"href":"https:\/\/www.hormigaemergente.com.ar\/2025\/wp-json\/wp\/v2\/product_brand?post=20511"},{"taxonomy":"product_cat","embeddable":true,"href":"https:\/\/www.hormigaemergente.com.ar\/2025\/wp-json\/wp\/v2\/product_cat?post=20511"},{"taxonomy":"product_tag","embeddable":true,"href":"https:\/\/www.hormigaemergente.com.ar\/2025\/wp-json\/wp\/v2\/product_tag?post=20511"}],"curies":[{"name":"wp","href":"https:\/\/api.w.org\/{rel}","templated":true}]}}