{"id":20530,"date":"2022-05-11T14:05:53","date_gmt":"2022-05-11T14:05:53","guid":{"rendered":"http:\/\/hormigaemergente.com.ar\/wp2\/?post_type=product&#038;p=20530"},"modified":"2025-06-11T13:47:31","modified_gmt":"2025-06-11T13:47:31","slug":"saarinen-circular-marmol-negro-marquina-alta","status":"publish","type":"product","link":"https:\/\/www.hormigaemergente.com.ar\/2025\/producto\/saarinen-circular-marmol-negro-marquina-alta\/","title":{"rendered":"Saarinen Circular Marmol Negro Marquina Alta"},"content":{"rendered":"<p>MMesa Saarinen<\/p>\n<p>En 1957, el arquitecto de origen finland\u00e9s Eero Saarinen firm\u00f3 una de las mesas m\u00e1s famosas de la historia del dise\u00f1o. Era la soluci\u00f3n estructural perfecta para sujetar una mesa con el m\u00ednimo punto de apoyo y, por lo tanto, con espacio para acoger el m\u00e1ximo n\u00famero de comensales.<br \/>\n_ _ _ _ _ _ _ _ _ _ _ _ _ _ _ _ _ _ _ _ _ _ _ _ _ _ _ _ _ _ _ _ _ _ _<br \/>\n* MATERIALIDAD:<\/p>\n<p>Compuesta por su pie de fundici\u00f3n de aluminio<br \/>\nVinculo para atornillar a la tapa<br \/>\nSe unen mediante m\u00e9todo de rosca<br \/>\nTerminaci\u00f3n de la base: laca poliuretanica negra o blanca<br \/>\nTapa de auxiliar de madera<br \/>\nTapa de Marmol de Negro Marquina, pulida, con protecci\u00f3n antimanchas<\/p>\n<p>Tambi\u00e9n trabajamos con otros Marmoles: Carrara, Sahara, Arabezcato, Calalata, New Beige<\/p>\n<p>Consulta colores!<br \/>\n_ _ _ _ _ _ _ _ _ _ _ _ _ _ _ _ _ _ _ _ _ _ _ _ _ _ _ _ _ _ _ _ _ _ _<br \/>\n* DIMENSIONES:<\/p>\n<p>Altura: 73 cm<\/p>\n<p>_ _ _ _ _ _ _ _ _ _ _ _ _ _ _ _ _ _ _ _ _ _ _ _ _ _ _ _ _ _ _ _ _ _ _<br \/>\n* VALORES:<\/p>\n<p>Con tapa de 90 cm de diametro:<\/p>\n<p>Con tapa de 100 cm de diametro:<\/p>\n<p>Con tapa de 110 cm con base de 51 cm: $<\/p>\n<p>Con tapa de 120 cm con base de 51 cm:<\/p>\n<p>Con tapa de 130 cm con base de 51 cm: $<\/p>\n<p>\u2013<\/p>\n<p>Consulta mas medidas!<\/p>\n<p>Ab\u00f3nalo hasta en 12 cuotas sin inter\u00e9s.<\/p>\n<p>Consulta valores en efectivo!<\/p>\n<p>_ _ _ _ _ _ _ _ _ _ _ _ _ _ _ _ _ _ _ _ _ _ _ _ _ _ _ _ _ _ _ _ _ _ _<\/p>\n<p>Tenes dise\u00f1o, Tenes Industria Argentina<\/p>\n","protected":false},"excerpt":{"rendered":"<p>MMesa Saarinen En 1957, el arquitecto de origen finland\u00e9s Eero Saarinen firm\u00f3 una de las mesas m\u00e1s famosas de la<\/p>\n","protected":false},"featured_media":20531,"comment_status":"open","ping_status":"closed","template":"","meta":{"_joinchat":[]},"product_brand":[],"product_cat":[128,125,109,116],"product_tag":[],"class_list":{"0":"post-20530","1":"product","2":"type-product","3":"status-publish","4":"has-post-thumbnail","6":"product_cat-alq-mesas","7":"product_cat-alquileres","8":"product_cat-casa","9":"product_cat-mesas","11":"first","12":"instock","13":"shipping-taxable","14":"product-type-simple"},"_links":{"self":[{"href":"https:\/\/www.hormigaemergente.com.ar\/2025\/wp-json\/wp\/v2\/product\/20530","targetHints":{"allow":["GET"]}}],"collection":[{"href":"https:\/\/www.hormigaemergente.com.ar\/2025\/wp-json\/wp\/v2\/product"}],"about":[{"href":"https:\/\/www.hormigaemergente.com.ar\/2025\/wp-json\/wp\/v2\/types\/product"}],"replies":[{"embeddable":true,"href":"https:\/\/www.hormigaemergente.com.ar\/2025\/wp-json\/wp\/v2\/comments?post=20530"}],"wp:featuredmedia":[{"embeddable":true,"href":"https:\/\/www.hormigaemergente.com.ar\/2025\/wp-json\/wp\/v2\/media\/20531"}],"wp:attachment":[{"href":"https:\/\/www.hormigaemergente.com.ar\/2025\/wp-json\/wp\/v2\/media?parent=20530"}],"wp:term":[{"taxonomy":"product_brand","embeddable":true,"href":"https:\/\/www.hormigaemergente.com.ar\/2025\/wp-json\/wp\/v2\/product_brand?post=20530"},{"taxonomy":"product_cat","embeddable":true,"href":"https:\/\/www.hormigaemergente.com.ar\/2025\/wp-json\/wp\/v2\/product_cat?post=20530"},{"taxonomy":"product_tag","embeddable":true,"href":"https:\/\/www.hormigaemergente.com.ar\/2025\/wp-json\/wp\/v2\/product_tag?post=20530"}],"curies":[{"name":"wp","href":"https:\/\/api.w.org\/{rel}","templated":true}]}}