{"id":20831,"date":"2022-10-14T19:46:24","date_gmt":"2022-10-14T19:46:24","guid":{"rendered":"http:\/\/www.hormigaemergente.com.ar\/?post_type=product&#038;p=20831"},"modified":"2025-09-10T18:18:43","modified_gmt":"2025-09-10T18:18:43","slug":"cesca-negro","status":"publish","type":"product","link":"https:\/\/www.hormigaemergente.com.ar\/2025\/producto\/cesca-negro\/","title":{"rendered":"Silla Cesca"},"content":{"rendered":"<p>La\u00a0<strong>silla Cesca<\/strong>\u00a0es una pieza exclusiva creada por el\u00a0<a class=\"js-no-transition\" href=\"https:\/\/michaelthonet.com.ar\/pages\/nuestros-disenadores\" target=\"_blank\" rel=\"noopener\"><strong>dise\u00f1ador Marcel Breuer<\/strong><\/a>\u00a0durante su estancia en Berl\u00edn en 1928 en honor a su hija Francesca.<\/p>\n<p>Su principal atractivo destaca en la estructura tubular con dos \u00fanicas patas delanteras y asiento suspendido que le confiere un aspecto liviano, s\u00f3lido y que la hace sorprendentemente c\u00f3moda.<\/p>\n<p>La originalidad de este dise\u00f1o reside en el respaldo y asiento fabricados en madera haya y esterilla natural que le aporta calidez y distinci\u00f3n a cualquier ambiente. Combina a la perfecci\u00f3n con el mobiliario moderno sin concesiones y ofrece una mezcla vers\u00e1til que nos sumerge a diferentes \u00e9pocas y estilos decorativos.<br \/>\n<b><br \/>\n<\/b>Sin duda, es una l\u00ednea de gran belleza est\u00e9tica, siendo perfecta para uso diario como sillas de cocina, comedor, recibidor, home office o silla auxiliar.<br \/>\n<b><\/b><\/p>\n<p>&nbsp;<\/p>\n<p><strong>CARACTER\u00cdSTICAS<\/strong><\/p>\n<ul>\n<li>Incluye soporte antideslizante<\/li>\n<li>Madera 100% de haya Lustrada<\/li>\n<li>Tejida en Esterilla Natural<\/li>\n<li>Acero cromado con acabado brillante.<\/li>\n<li>Estructura tubular de alta resistencia.<\/li>\n<li>Origen Europeo<\/li>\n<li>Lustres: Nogal, Negra, Blanco y Natural<\/li>\n<li>Disponible tambi\u00e9n en: Versi\u00f3n Sill\u00f3n, Taburete y Banco.<\/li>\n<\/ul>\n","protected":false},"excerpt":{"rendered":"<p>La\u00a0silla Cesca\u00a0es una pieza exclusiva creada por el\u00a0dise\u00f1ador Marcel Breuer\u00a0durante su estancia en Berl\u00edn en 1928 en honor a su<\/p>\n","protected":false},"featured_media":20835,"comment_status":"open","ping_status":"closed","template":"","meta":{"_joinchat":[]},"product_brand":[],"product_cat":[140],"product_tag":[],"class_list":{"0":"post-20831","1":"product","2":"type-product","3":"status-publish","4":"has-post-thumbnail","6":"product_cat-sillas","8":"first","9":"instock","10":"shipping-taxable","11":"purchasable","12":"product-type-variable"},"_links":{"self":[{"href":"https:\/\/www.hormigaemergente.com.ar\/2025\/wp-json\/wp\/v2\/product\/20831","targetHints":{"allow":["GET"]}}],"collection":[{"href":"https:\/\/www.hormigaemergente.com.ar\/2025\/wp-json\/wp\/v2\/product"}],"about":[{"href":"https:\/\/www.hormigaemergente.com.ar\/2025\/wp-json\/wp\/v2\/types\/product"}],"replies":[{"embeddable":true,"href":"https:\/\/www.hormigaemergente.com.ar\/2025\/wp-json\/wp\/v2\/comments?post=20831"}],"wp:featuredmedia":[{"embeddable":true,"href":"https:\/\/www.hormigaemergente.com.ar\/2025\/wp-json\/wp\/v2\/media\/20835"}],"wp:attachment":[{"href":"https:\/\/www.hormigaemergente.com.ar\/2025\/wp-json\/wp\/v2\/media?parent=20831"}],"wp:term":[{"taxonomy":"product_brand","embeddable":true,"href":"https:\/\/www.hormigaemergente.com.ar\/2025\/wp-json\/wp\/v2\/product_brand?post=20831"},{"taxonomy":"product_cat","embeddable":true,"href":"https:\/\/www.hormigaemergente.com.ar\/2025\/wp-json\/wp\/v2\/product_cat?post=20831"},{"taxonomy":"product_tag","embeddable":true,"href":"https:\/\/www.hormigaemergente.com.ar\/2025\/wp-json\/wp\/v2\/product_tag?post=20831"}],"curies":[{"name":"wp","href":"https:\/\/api.w.org\/{rel}","templated":true}]}}