{"id":20867,"date":"2022-10-19T20:03:57","date_gmt":"2022-10-19T20:03:57","guid":{"rendered":"http:\/\/www.hormigaemergente.com.ar\/?post_type=product&#038;p=20867"},"modified":"2022-10-19T20:03:59","modified_gmt":"2022-10-19T20:03:59","slug":"silla-plegable-vienna","status":"publish","type":"product","link":"https:\/\/www.hormigaemergente.com.ar\/2025\/producto\/silla-plegable-vienna\/","title":{"rendered":"Silla Plegable Vienna"},"content":{"rendered":"<p>La Silla Plegable Viena del dise\u00f1ador Stanis\u0142aw Charaziak es una pieza que desaf\u00eda la distinci\u00f3n entre mobiliario de interior y exterior.<\/p>\n<p>Est\u00e1 fabricada en madera de haya contrachapada curvada y perfilada. Sus s\u00f3lidas patas y su asiento la hacen resistente para espacios temporales y muy f\u00e1cil de mantener, proporcionando adem\u00e1s una elegancia muy infrecuente al mobiliario donde est\u00e9 presente.<\/p>\n<p>Si sumamos todo ese estilo a su extraordinaria practicidad, esta Silla Plegable resulta perfecta para exteriores en comidas informales al aire libre, as\u00ed como\u00a0talleres o salas de conferencias.<\/p>\n<p><strong>CARACTER\u00cdSTICAS<\/strong><\/p>\n<ul>\n<li>Madera 100% de haya<\/li>\n<li>Lustre a elecci\u00f3n<\/li>\n<li>Origen Europeo<\/li>\n<li>Recib\u00ed nuestros productos en cualquier destino dentro de Argentina, la elecci\u00f3n de la empresa de transporte corre a cargo del cliente, nosotros le brindamos el traslado sin cargo hasta el expreso indicado.<\/li>\n<\/ul>\n<p><strong>DEJATE INSPIRAR<\/strong><\/p>\n<p>Un buen mueble vive de su historia y est\u00e9tica. Es por eso que confiamos en dise\u00f1os funcionales que se pueden usar en una variedad de conceptos de aplicaci\u00f3n. Si buscas mesas para acompa\u00f1ar esta hermosa silla, visit\u00e1 nuestro cat\u00e1logo a medida.<\/p>\n","protected":false},"excerpt":{"rendered":"<p>La Silla Plegable Viena del dise\u00f1ador Stanis\u0142aw Charaziak es una pieza que desaf\u00eda la distinci\u00f3n entre mobiliario de interior y<\/p>\n","protected":false},"featured_media":20872,"comment_status":"open","ping_status":"closed","template":"","meta":{"_joinchat":[]},"product_brand":[],"product_cat":[140],"product_tag":[154,155,153,151,152],"class_list":{"0":"post-20867","1":"product","2":"type-product","3":"status-publish","4":"has-post-thumbnail","6":"product_cat-sillas","7":"product_tag-deco","8":"product_tag-exterior","9":"product_tag-madera","10":"product_tag-silla","11":"product_tag-silla-plegable","13":"first","14":"instock","15":"shipping-taxable","16":"product-type-simple"},"_links":{"self":[{"href":"https:\/\/www.hormigaemergente.com.ar\/2025\/wp-json\/wp\/v2\/product\/20867","targetHints":{"allow":["GET"]}}],"collection":[{"href":"https:\/\/www.hormigaemergente.com.ar\/2025\/wp-json\/wp\/v2\/product"}],"about":[{"href":"https:\/\/www.hormigaemergente.com.ar\/2025\/wp-json\/wp\/v2\/types\/product"}],"replies":[{"embeddable":true,"href":"https:\/\/www.hormigaemergente.com.ar\/2025\/wp-json\/wp\/v2\/comments?post=20867"}],"wp:featuredmedia":[{"embeddable":true,"href":"https:\/\/www.hormigaemergente.com.ar\/2025\/wp-json\/wp\/v2\/media\/20872"}],"wp:attachment":[{"href":"https:\/\/www.hormigaemergente.com.ar\/2025\/wp-json\/wp\/v2\/media?parent=20867"}],"wp:term":[{"taxonomy":"product_brand","embeddable":true,"href":"https:\/\/www.hormigaemergente.com.ar\/2025\/wp-json\/wp\/v2\/product_brand?post=20867"},{"taxonomy":"product_cat","embeddable":true,"href":"https:\/\/www.hormigaemergente.com.ar\/2025\/wp-json\/wp\/v2\/product_cat?post=20867"},{"taxonomy":"product_tag","embeddable":true,"href":"https:\/\/www.hormigaemergente.com.ar\/2025\/wp-json\/wp\/v2\/product_tag?post=20867"}],"curies":[{"name":"wp","href":"https:\/\/api.w.org\/{rel}","templated":true}]}}