{"id":20871,"date":"2022-10-19T20:24:54","date_gmt":"2022-10-19T20:24:54","guid":{"rendered":"http:\/\/www.hormigaemergente.com.ar\/?post_type=product&#038;p=20871"},"modified":"2025-05-28T22:52:16","modified_gmt":"2025-05-28T22:52:16","slug":"sillon-cesca-clasico-modernos","status":"publish","type":"product","link":"https:\/\/www.hormigaemergente.com.ar\/2025\/producto\/sillon-cesca-clasico-modernos\/","title":{"rendered":"Sillon Cesca"},"content":{"rendered":"<p><strong>SOBRE ESTE PRODUCTO<\/strong><\/p>\n<p>El\u00a0<strong>Sill\u00f3n Cesca<\/strong>\u00a0con reposabrazos es particularmente vers\u00e1til entre los muebles de acero tubular. Esta hermosa pieza, creada por\u00a0<a class=\"js-no-transition\" href=\"https:\/\/michaelthonet.com.ar\/pages\/nuestros-disenadores\" target=\"_blank\" rel=\"noopener\"><strong>Marcel Breuer<\/strong><\/a>\u00a0es una de las sillas m\u00e1s ic\u00f3nicas y reproducidas de la historia reciente.<\/p>\n<p>Uno de sus principales atractivos destaca en la estructura tubular y asiento suspendido que la hacen una propuesta liviana, s\u00f3lida y que la hace sorprendentemente c\u00f3moda. Su originalidad reside en el respaldo y asiento fabricado en madera de haya con esterilla natural entrelazada que le confiere un estilo que aporta calidez y exclusividad a cualquier ambiente.<\/p>\n<p>Aunque fue dise\u00f1ada en 1928, sus l\u00edneas y la combinaci\u00f3n de acero y esterilla, la han convertido en sin\u00f3nimo de modernidad. El Sill\u00f3n Cesca es ideal para uso diario como sillas de cocina, sillas de comedor, recibidor, silla para home office o silla auxiliar.<\/p>\n<p>&nbsp;<\/p>\n<p><strong>CARACTER\u00cdSTICAS<\/strong><\/p>\n<ul>\n<li>Incluye soporte antideslizante<\/li>\n<li>Reposabrazo<\/li>\n<li>Madera 100% de haya Lustrada<\/li>\n<li>Esterilla Natural<\/li>\n<li>Estructura tubular cromado<\/li>\n<li>Origen Europeo<\/li>\n<li>Lustres: Nogal, Negra, Blanco y Natural<\/li>\n<li>Disponible tambi\u00e9n en: Versi\u00f3n silla, Taburete y Banco.<\/li>\n<li>Recib\u00ed nuestros productos en cualquier destino dentro de Argentina, la elecci\u00f3n de la empresa de transporte corre a cargo del cliente, nosotros le brindamos el traslado sin cargo hasta el expreso indicado.<\/li>\n<\/ul>\n<p>Un buen mueble vive de su versatilidad. Es por eso que confiamos en dise\u00f1os funcionales que se pueden usar en una variedad de conceptos de aplicaci\u00f3n. Si buscas mesas para acompa\u00f1ar esta hermosa silla, visit\u00e1 nuestro cat\u00e1logo a medida.<\/p>\n","protected":false},"excerpt":{"rendered":"<p>SOBRE ESTE PRODUCTO El\u00a0Sill\u00f3n Cesca\u00a0con reposabrazos es particularmente vers\u00e1til entre los muebles de acero tubular. Esta hermosa pieza, creada por\u00a0Marcel<\/p>\n","protected":false},"featured_media":20878,"comment_status":"open","ping_status":"closed","template":"","meta":{"_joinchat":[]},"product_brand":[],"product_cat":[109,140],"product_tag":[],"class_list":{"0":"post-20871","1":"product","2":"type-product","3":"status-publish","4":"has-post-thumbnail","6":"product_cat-casa","7":"product_cat-sillas","9":"first","10":"instock","11":"shipping-taxable","12":"product-type-simple"},"_links":{"self":[{"href":"https:\/\/www.hormigaemergente.com.ar\/2025\/wp-json\/wp\/v2\/product\/20871","targetHints":{"allow":["GET"]}}],"collection":[{"href":"https:\/\/www.hormigaemergente.com.ar\/2025\/wp-json\/wp\/v2\/product"}],"about":[{"href":"https:\/\/www.hormigaemergente.com.ar\/2025\/wp-json\/wp\/v2\/types\/product"}],"replies":[{"embeddable":true,"href":"https:\/\/www.hormigaemergente.com.ar\/2025\/wp-json\/wp\/v2\/comments?post=20871"}],"wp:featuredmedia":[{"embeddable":true,"href":"https:\/\/www.hormigaemergente.com.ar\/2025\/wp-json\/wp\/v2\/media\/20878"}],"wp:attachment":[{"href":"https:\/\/www.hormigaemergente.com.ar\/2025\/wp-json\/wp\/v2\/media?parent=20871"}],"wp:term":[{"taxonomy":"product_brand","embeddable":true,"href":"https:\/\/www.hormigaemergente.com.ar\/2025\/wp-json\/wp\/v2\/product_brand?post=20871"},{"taxonomy":"product_cat","embeddable":true,"href":"https:\/\/www.hormigaemergente.com.ar\/2025\/wp-json\/wp\/v2\/product_cat?post=20871"},{"taxonomy":"product_tag","embeddable":true,"href":"https:\/\/www.hormigaemergente.com.ar\/2025\/wp-json\/wp\/v2\/product_tag?post=20871"}],"curies":[{"name":"wp","href":"https:\/\/api.w.org\/{rel}","templated":true}]}}