{"id":20965,"date":"2022-11-14T19:00:46","date_gmt":"2022-11-14T19:00:46","guid":{"rendered":"http:\/\/www.hormigaemergente.com.ar\/?post_type=product&#038;p=20965"},"modified":"2026-03-27T19:15:50","modified_gmt":"2026-03-27T19:15:50","slug":"juego-de-mesa-ratona-espejo-dorada-multiuso","status":"publish","type":"product","link":"https:\/\/www.hormigaemergente.com.ar\/2025\/producto\/juego-de-mesa-ratona-espejo-dorada-multiuso\/","title":{"rendered":"Mesa Espejo"},"content":{"rendered":"<p>* DESCRIPCION DEL PRODUCTO:<\/p>\n<p>Mesa Esmeralda Nido Dorada<br \/>\n_ _ _ _ _ _ _ _ _ _ _ _ _ _ _ _ _ _ _ _ _ _ _ _ _ _ _ _ _ _ _ _ _ _ _<br \/>\n* MATERIALIDAD:<\/p>\n<p>-Tapas de Espejo<br \/>\n-Estructura de ca\u00f1o secci\u00f3n cuadrada con terminaci\u00f3n Dorada<br \/>\n-Sin tornillos a la vista<br \/>\n-Con regatones de goma invisibles para evitar ralladuras en pisos<\/p>\n<p>_ _ _ _ _ _ _ _ _ _ _ _ _ _ _ _ _ _ _ _ _ _ _ _ _ _ _ _ _ _ _ _ _ _ _<br \/>\n* DIMENSIONES:<\/p>\n<p>&#8211; MESA GRANDE: 55 CM DIAMETRO x 50 CM DE ALTURA<br \/>\n&#8211; MESA CHICA: 40 CM DIAMETRO X 50 CM DE ALTURA<\/p>\n<p>SOMOS FABRICANTES! CONSULTANOS POR OTRA MEDIDAS<\/p>\n<p>_ _ _ _ _ _ _ _ _ _ _ _ _ _ _ _ _ _ _ _ _ _ _ _ _ _ _ _ _ _ _ _ _ _ _<br \/>\n* RETIRO DEL PRODUCTO:<br \/>\n&#8211; De lunes a viernes de 11 a 18hs por nuestro Showroom ubicado en Chacarita<\/p>\n<p>_ _ _ _ _ _ _ _ _ _ _ _ _ _ _ _ _ _ _ _ _ _ _ _ _ _ _ _ _ _ _ _ _ _ _<br \/>\n* ENTREGAS EN CABA Y GBA<br \/>\n&#8211; A convenir con el cliente. Las realizamos con un flete de nuestra confianza(consulte costo seg\u00fan localidad y barrio)<br \/>\n&#8211; Siempre se definen en un rango horario, no horarios puntuales.<br \/>\n&#8211; El servicio de env\u00edo, no incluye el traslado de los productos al interior del domicilio. Podr\u00e1s solicitarlo con un costo adicional. Mismo si el producto debe subirse por escalera, consultar costos del mismo.<\/p>\n<p>_ _ _ _ _ _ _ _ _ _ _ _ _ _ _ _ _ _ _ _ _ _ _ _ _ _ _ _ _ _ _ _ _ _ _<br \/>\n* ENTREGAS EN EL INTERIOR DEL PAIS<\/p>\n<p>&#8211; Las realizamos mediante el expreso de elecci\u00f3n del cliente.<br \/>\n&#8211; Se abonan al momento de la entrega ya que es tercerizado.<br \/>\n&#8211; En caso de que el expreso no retire por el dep\u00f3sito, se cobrar\u00e1 flete adicional al transporte.<br \/>\n-EMBALAJES: contamos con un embalaje est\u00e1ndar y embalaje premium seg\u00fan pida el expreso. Se cobran aparte seg\u00fan se indique<br \/>\n_ _ _ _ _ _ _ _ _ _ _ _ _ _ _ _ _ _ _ _ _ _ _ _ _ _ _ _ _ _ _ _ _ _ _<\/p>\n<p>&#8211; Presupuestos y asesoramientos.<br \/>\n&#8211; Si no lo tenemos, lo dise\u00f1amos. Nos gustan los desaf\u00edos<\/p>\n<p>Muchas gracias por elegirnos.<\/p>\n<p>* * * * * HORMIGA EMERGENTE * * * * *<\/p>\n","protected":false},"excerpt":{"rendered":"<p>Mesa Eileen Gray<\/p>\n<p>_ _ _ _ _ _ _ _ _ _ _ _ _ _ _ _ _ _ _ _ _ _ _ _ _ _ _ _ _ _ _ _ _ _ _<\/p>\n<p>Ab\u00f3nalo hasta en 12 cuotas sin inter\u00e9s.<\/p>\n<p>Consulta valores en efectivo!<\/p>\n<p>_ _ _ _ _ _ _ _ _ _ _ _ _ _ _ _ _ _ _ _ _ _ _ _ _ _ _ _ _ _ _ _ _ _ _<br \/>\nTenes dise\u00f1o, Tenes Industria Argentina<\/p>\n","protected":false},"featured_media":20968,"comment_status":"open","ping_status":"closed","template":"","meta":{"_joinchat":[]},"product_brand":[],"product_cat":[130,125,109,117],"product_tag":[298,296,297,299],"class_list":{"0":"post-20965","1":"product","2":"type-product","3":"status-publish","4":"has-post-thumbnail","6":"product_cat-alq-escritorios-mesas","7":"product_cat-alquileres","8":"product_cat-casa","9":"product_cat-mesa-ratona","10":"product_tag-mesa-dorada","11":"product_tag-mesa-espejo","12":"product_tag-mesa-juegos","13":"product_tag-mesas-bajas","15":"first","16":"instock","17":"shipping-taxable","18":"purchasable","19":"product-type-variable"},"_links":{"self":[{"href":"https:\/\/www.hormigaemergente.com.ar\/2025\/wp-json\/wp\/v2\/product\/20965","targetHints":{"allow":["GET"]}}],"collection":[{"href":"https:\/\/www.hormigaemergente.com.ar\/2025\/wp-json\/wp\/v2\/product"}],"about":[{"href":"https:\/\/www.hormigaemergente.com.ar\/2025\/wp-json\/wp\/v2\/types\/product"}],"replies":[{"embeddable":true,"href":"https:\/\/www.hormigaemergente.com.ar\/2025\/wp-json\/wp\/v2\/comments?post=20965"}],"wp:featuredmedia":[{"embeddable":true,"href":"https:\/\/www.hormigaemergente.com.ar\/2025\/wp-json\/wp\/v2\/media\/20968"}],"wp:attachment":[{"href":"https:\/\/www.hormigaemergente.com.ar\/2025\/wp-json\/wp\/v2\/media?parent=20965"}],"wp:term":[{"taxonomy":"product_brand","embeddable":true,"href":"https:\/\/www.hormigaemergente.com.ar\/2025\/wp-json\/wp\/v2\/product_brand?post=20965"},{"taxonomy":"product_cat","embeddable":true,"href":"https:\/\/www.hormigaemergente.com.ar\/2025\/wp-json\/wp\/v2\/product_cat?post=20965"},{"taxonomy":"product_tag","embeddable":true,"href":"https:\/\/www.hormigaemergente.com.ar\/2025\/wp-json\/wp\/v2\/product_tag?post=20965"}],"curies":[{"name":"wp","href":"https:\/\/api.w.org\/{rel}","templated":true}]}}