{"id":21087,"date":"2023-10-11T20:04:56","date_gmt":"2023-10-11T20:04:56","guid":{"rendered":"http:\/\/www.hormigaemergente.com.ar\/?post_type=product&#038;p=21087"},"modified":"2025-06-10T19:12:31","modified_gmt":"2025-06-10T19:12:31","slug":"pez-que-canta","status":"publish","type":"product","link":"https:\/\/www.hormigaemergente.com.ar\/2025\/producto\/pez-que-canta\/","title":{"rendered":"Pez que canta"},"content":{"rendered":"<h3 class=\"LC20lb MBeuO DKV0Md\">https:\/\/www.youtube.com\/watch?v=Y_DlJ4Y7ERk<\/h3>\n<p>&nbsp;<\/p>\n<p>Vuelve el m\u00edtico Billy, el pez que se hizo tan famoso porque canta y se mueve de una forma super divertida. Ahora est\u00e1 de vuelta con su \u00fanica y exclusiva interpretaci\u00f3n del temazo &#8220;I will survive&#8221; de Gloria Gaynor.<\/p>\n<p>Si no conoces a Billy, te lo presentamos. Se trata de un pez con vocaci\u00f3n de cantante que est\u00e1 en una placa. Cuando aprietas el bot\u00f3n de la placa, Billy empieza a cantar la canci\u00f3n &#8220;I will survive&#8221; y se mueve mientras la canta. Adem\u00e1s, en la parte trasera puedes activar el sensor de movimiento lo que har\u00e1 que cuando alguien pase por delante de Billy, empiece a cantar.<\/p>\n<p>Podr\u00e1s colgarlo de una parted gracias a sus dos orificios superiores de la parte trasera o de pie en cualquier superficie con el caballete que tiene en la parte trasera.<\/p>\n<p>* DIMENSIONES:<br \/>\n0 cm de largo x 0 cm de profundidad , altura00 cm<\/p>\n<p>&nbsp;<\/p>\n<p>&nbsp;<\/p>\n","protected":false},"excerpt":{"rendered":"<p>https:\/\/www.youtube.com\/watch?v=Y_DlJ4Y7ERk &nbsp; Vuelve el m\u00edtico Billy, el pez que se hizo tan famoso porque canta y se mueve de una<\/p>\n","protected":false},"featured_media":21090,"comment_status":"open","ping_status":"closed","template":"","meta":{"_joinchat":[]},"product_brand":[],"product_cat":[127,125],"product_tag":[],"class_list":{"0":"post-21087","1":"product","2":"type-product","3":"status-publish","4":"has-post-thumbnail","6":"product_cat-alq-accesorios","7":"product_cat-alquileres","9":"first","10":"instock","11":"shipping-taxable","12":"purchasable","13":"product-type-simple"},"_links":{"self":[{"href":"https:\/\/www.hormigaemergente.com.ar\/2025\/wp-json\/wp\/v2\/product\/21087","targetHints":{"allow":["GET"]}}],"collection":[{"href":"https:\/\/www.hormigaemergente.com.ar\/2025\/wp-json\/wp\/v2\/product"}],"about":[{"href":"https:\/\/www.hormigaemergente.com.ar\/2025\/wp-json\/wp\/v2\/types\/product"}],"replies":[{"embeddable":true,"href":"https:\/\/www.hormigaemergente.com.ar\/2025\/wp-json\/wp\/v2\/comments?post=21087"}],"wp:featuredmedia":[{"embeddable":true,"href":"https:\/\/www.hormigaemergente.com.ar\/2025\/wp-json\/wp\/v2\/media\/21090"}],"wp:attachment":[{"href":"https:\/\/www.hormigaemergente.com.ar\/2025\/wp-json\/wp\/v2\/media?parent=21087"}],"wp:term":[{"taxonomy":"product_brand","embeddable":true,"href":"https:\/\/www.hormigaemergente.com.ar\/2025\/wp-json\/wp\/v2\/product_brand?post=21087"},{"taxonomy":"product_cat","embeddable":true,"href":"https:\/\/www.hormigaemergente.com.ar\/2025\/wp-json\/wp\/v2\/product_cat?post=21087"},{"taxonomy":"product_tag","embeddable":true,"href":"https:\/\/www.hormigaemergente.com.ar\/2025\/wp-json\/wp\/v2\/product_tag?post=21087"}],"curies":[{"name":"wp","href":"https:\/\/api.w.org\/{rel}","templated":true}]}}