{"id":21305,"date":"2024-12-19T17:06:39","date_gmt":"2024-12-19T17:06:39","guid":{"rendered":"https:\/\/www.hormigaemergente.com.ar\/?post_type=product&#038;p=21305"},"modified":"2025-05-18T06:01:21","modified_gmt":"2025-05-18T06:01:21","slug":"mesa-oval-con-base-oval","status":"publish","type":"product","link":"https:\/\/www.hormigaemergente.com.ar\/2025\/producto\/mesa-oval-con-base-oval\/","title":{"rendered":"mesa Oval  con base oval"},"content":{"rendered":"<p><span class=\"_aacl _aaco _aacu _aacx _aad7 _aade\">Damos bienvenida al nuevo modelo de Mesa cono, esta vez en forma de elipse.<br \/>\nEsta mesa una elegancia y se adapta a todos los espacios, puede ir desde un comedor o en un recibidor, hasta ser la pieza centrar de una oficina o sala de reuniones.<\/span><\/p>\n<p>Estructura met\u00e1lica reforzada en fibra de vidrio en forma de cono<br \/>\nTapa de madera con terminaci\u00f3n en Gel Paint:<br \/>\nEste, es un derivado del gel coat, realizado especialmente para pintar maderas.<br \/>\nOfrece un acabado que a la vista, es similar al laqueado, pero con una dureza<br \/>\nmuy superior (resiste m\u00e1s a los rayones) y un espesor 10 veces mayor al poliuretano com\u00fan.<\/p>\n<p>Consulta otros materiales!<br \/>\n_ _ _ _ _ _ _ _ _ _ _ _ _ _ _ _ _ _ _ _ _ _ _ _ _ _ _ _ _ _ _ _ _ _ _<br \/>\n* DIMENSIONES:<\/p>\n<p>160x 90 cm Altura: 73 cm<\/p>\n<p>Cuando realices tu pedido, podr\u00e1s optar por retiro o env\u00edo de compra. Los plazos de entrega est\u00e1n detallados en la descripci\u00f3n del producto (desde 5 d\u00edas hasta 60 d\u00edas h\u00e1biles seg\u00fan producto).<\/p>\n<p>Ten\u00e9s dos opciones para seleccionar como punto de retiro de tu compra:<\/p>\n<p>Showroom: En Concepcion Arenal 4395 , Chacarita.<\/p>\n<p>_ _ _ _ _ _ _ _ _ _ _ _ _ _ _ _ _ _ _ _ _ _ _ _ _ _ _ _ _ _ _ _ _ _ _<\/p>\n<p>Ab\u00f3nalo hasta en 12 cuotas sin inter\u00e9s.<\/p>\n<p>Consulta valores en efectivo!<\/p>\n<p>Consulta color para alquilar!<br \/>\n_ _ _ _ _ _ _ _ _ _ _ _ _ _ _ _ _ _ _ _ _ _ _ _ _ _ _ _ _ _ _ _ _ _ _<br \/>\nTenes dise\u00f1o, Tenes Industria Argentina<\/p>\n<p>&nbsp;<\/p>\n","protected":false},"excerpt":{"rendered":"<p><span class=\"_aacl _aaco _aacu _aacx _aad7 _aade\">Damos bienvenida al nuevo modelo de Mesa cono, esta vez en forma de elipse.<br \/>\nEsta mesa una elegancia y se adapta a todos los espacios, puede ir desde un comedor o en un recibidor, hasta ser la pieza centrar de una oficina o sala de reuniones.<\/span><\/p>\n<p>Estructura met\u00e1lica reforzada en fibra de vidrio en forma de cono<br \/>\nTapa de madera con terminaci\u00f3n en Gel Paint:<br \/>\nEste, es un derivado del gel coat, realizado especialmente para pintar maderas.<br \/>\nOfrece un acabado que a la vista, es similar al laqueado, pero con una dureza<br \/>\nmuy superior (resiste m\u00e1s a los rayones) y un espesor 10 veces mayor al poliuretano com\u00fan.<\/p>\n","protected":false},"featured_media":21310,"comment_status":"open","ping_status":"closed","template":"","meta":{"_joinchat":[]},"product_brand":[],"product_cat":[119],"product_tag":[210,259,261,197,194,161,258,260,262,320,322,318],"class_list":{"0":"post-21305","1":"product","2":"type-product","3":"status-publish","4":"has-post-thumbnail","6":"product_cat-comedor","7":"product_tag-mesa-a-medida","8":"product_tag-mesa-cono-oval","9":"product_tag-mesa-de-2x1","10":"product_tag-mesa-minimalista","11":"product_tag-mesa-organica","12":"product_tag-mesa-originales","13":"product_tag-mesa-oval","14":"product_tag-mesa-para-10","15":"product_tag-mesa-para-8-personas","16":"product_tag-mesas-de-centro-originales","17":"product_tag-muebles-online","18":"product_tag-muebles-para-espacios-pequenos","20":"first","21":"instock","22":"shipping-taxable","23":"product-type-variable"},"_links":{"self":[{"href":"https:\/\/www.hormigaemergente.com.ar\/2025\/wp-json\/wp\/v2\/product\/21305","targetHints":{"allow":["GET"]}}],"collection":[{"href":"https:\/\/www.hormigaemergente.com.ar\/2025\/wp-json\/wp\/v2\/product"}],"about":[{"href":"https:\/\/www.hormigaemergente.com.ar\/2025\/wp-json\/wp\/v2\/types\/product"}],"replies":[{"embeddable":true,"href":"https:\/\/www.hormigaemergente.com.ar\/2025\/wp-json\/wp\/v2\/comments?post=21305"}],"wp:featuredmedia":[{"embeddable":true,"href":"https:\/\/www.hormigaemergente.com.ar\/2025\/wp-json\/wp\/v2\/media\/21310"}],"wp:attachment":[{"href":"https:\/\/www.hormigaemergente.com.ar\/2025\/wp-json\/wp\/v2\/media?parent=21305"}],"wp:term":[{"taxonomy":"product_brand","embeddable":true,"href":"https:\/\/www.hormigaemergente.com.ar\/2025\/wp-json\/wp\/v2\/product_brand?post=21305"},{"taxonomy":"product_cat","embeddable":true,"href":"https:\/\/www.hormigaemergente.com.ar\/2025\/wp-json\/wp\/v2\/product_cat?post=21305"},{"taxonomy":"product_tag","embeddable":true,"href":"https:\/\/www.hormigaemergente.com.ar\/2025\/wp-json\/wp\/v2\/product_tag?post=21305"}],"curies":[{"name":"wp","href":"https:\/\/api.w.org\/{rel}","templated":true}]}}