{"id":21566,"date":"2025-09-01T19:13:20","date_gmt":"2025-09-01T19:13:20","guid":{"rendered":"https:\/\/www.hormigaemergente.com.ar\/2025\/?post_type=product&#038;p=21566"},"modified":"2025-09-01T19:14:05","modified_gmt":"2025-09-01T19:14:05","slug":"vidrio-repuesto-mesa-noguchi","status":"publish","type":"product","link":"https:\/\/www.hormigaemergente.com.ar\/2025\/producto\/vidrio-repuesto-mesa-noguchi\/","title":{"rendered":"Vidrio repuesto mesa Noguchi"},"content":{"rendered":"<p>DESCRIPCION DEL PRODUCTO:<br \/>\nVidrio de la Mesa ratona de dise\u00f1o de Isamu Noguchi. Un cl\u00e1sico en tu hogar.<\/p>\n<p>las\u00a0 mesas de centro con una parte superior de cristal transparente elegante puede agregar un toque de sofisticaci\u00f3n y modernidad a tu living. El cristal permite que la luz pase a trav\u00e9s de \u00e9l, lo que ayuda a mantener el espacio con una sensaci\u00f3n de amplitud.<\/p>\n<p>_ _ _ _ _ _ _ _ _ _ _ _ _ _ _ _ _ _ _ _ _ _ _ _ _ _ _ _ _ _ _ _ _ _ _<br \/>\n* MATERIALIDAD:<\/p>\n<p>-Base de madera maciza. A elecci\u00f3n entre: nogal, para\u00edso, laqueada blanca o negra.<br \/>\n-Vidrio float incolor borde pulido recto 10 mm de espesor. Tambi\u00e9n trabajamos en 15 y 20 mm. Consultar valor<br \/>\n-Vinculo mediante topes 3M que brindan seguridad y dise\u00f1o.<\/p>\n<p>_ _ _ _ _ _ _ _ _ _ _ _ _ _ _ _ _ _ _ _ _ _ _ _ _ _ _ _ _ _ _ _ _ _ _<br \/>\n* DIMENSIONES: mesa grande<\/p>\n<p>&#8211; Ancho: 1,30 mts<br \/>\n&#8211; Altura : 0,40 metros<br \/>\n&#8211; Profundidad: 1,10 metros<br \/>\nmedidas aproximadas<\/p>\n<p>mesa chica<\/p>\n<p>Medida de vidrio: 110&#215;80 130&#215;80<\/p>\n<p>SOMOS FABRICANTES! CONSULTANOS POR OTRA MEDIDAS<\/p>\n<p>_ _ _ _ _ _ _ _ _ _ _ _ _ _ _ _ _ _ _ _ _ _ _ _ _ _ _ _ _ _ _ _ _ _ _<br \/>\n* RETIRO DEL PRODUCTO:<br \/>\n&#8211; De lunes a viernes de 11 a 18hs por nuestro Showroom ubicado en Chacarita<\/p>\n<p>_ _ _ _ _ _ _ _ _ _ _ _ _ _ _ _ _ _ _ _ _ _ _ _ _ _ _ _ _ _ _ _ _ _ _<br \/>\n* ENTREGAS EN CABA Y GBA<br \/>\n&#8211; A convenir con el cliente. Las realizamos con un flete de nuestra confianza(consulte costo seg\u00fan localidad y barrio)<br \/>\n&#8211; Siempre se definen en un rango horario, no horarios puntuales.<br \/>\n&#8211; El servicio de env\u00edo, no incluye el traslado de los productos al interior del domicilio. Podr\u00e1s solicitarlo con un costo adicional. Mismo si el producto debe subirse por escalera, consultar costos del mismo.<\/p>\n<p>_ _ _ _ _ _ _ _ _ _ _ _ _ _ _ _ _ _ _ _ _ _ _ _ _ _ _ _ _ _ _ _ _ _ _<br \/>\n* ENTREGAS EN EL INTERIOR DEL PAIS<\/p>\n<p>&#8211; Las realizamos mediante el expreso de elecci\u00f3n del cliente.<br \/>\n&#8211; Se abonan al momento de la entrega ya que es tercerizado.<br \/>\n&#8211; En caso de que el expreso no retire por el dep\u00f3sito, se cobrar\u00e1 flete adicional al transporte.<br \/>\n-EMBALAJES: contamos con un embalaje standar y embalaje premium seg\u00fan pida el expreso. Se cobran aparte seg\u00fan se indique.<br \/>\n-Se debe tener en cuenta embalaje en caja de madera para evitar roturas en el expreso. La empresa no se responsabiliza por da\u00f1os de la misma. IMPORTANTE: no todos los expresos aceptan vidrios, y ninguna se responsabiliza por el da\u00f1o de los mismos.<\/p>\n<p>_ _ _ _ _ _ _ _ _ _ _ _ _ _ _ _ _ _ _ _ _ _ _ _ _ _ _ _ _ _ _ _ _ _ _<br \/>\n&#8211; vendiendo en Mercado Libre desde el 2005<br \/>\n&#8211; Local a la calle y showroom abierto al p\u00fablico.<br \/>\n&#8211; Presupuestos y asesoramientos.<br \/>\n&#8211; Si no lo tenemos, lo dise\u00f1amos. Nos gustan los desaf\u00edos<\/p>\n<p>Muchas gracias por elegirnos.<\/p>\n<p>* * * * * HORMIGA EMERGENTE * * * * *<\/p>\n","protected":false},"excerpt":{"rendered":"<p>DESCRIPCION DEL PRODUCTO: Vidrio de la Mesa ratona de dise\u00f1o de Isamu Noguchi. Un cl\u00e1sico en tu hogar. las\u00a0 mesas<\/p>\n","protected":false},"featured_media":21325,"comment_status":"closed","ping_status":"closed","template":"","meta":{"_joinchat":[]},"product_brand":[],"product_cat":[106,117,116],"product_tag":[],"class_list":{"0":"post-21566","1":"product","2":"type-product","3":"status-publish","4":"has-post-thumbnail","6":"product_cat-accesorios","7":"product_cat-mesa-ratona","8":"product_cat-mesas","10":"first","11":"instock","12":"shipping-taxable","13":"purchasable","14":"product-type-simple"},"_links":{"self":[{"href":"https:\/\/www.hormigaemergente.com.ar\/2025\/wp-json\/wp\/v2\/product\/21566","targetHints":{"allow":["GET"]}}],"collection":[{"href":"https:\/\/www.hormigaemergente.com.ar\/2025\/wp-json\/wp\/v2\/product"}],"about":[{"href":"https:\/\/www.hormigaemergente.com.ar\/2025\/wp-json\/wp\/v2\/types\/product"}],"replies":[{"embeddable":true,"href":"https:\/\/www.hormigaemergente.com.ar\/2025\/wp-json\/wp\/v2\/comments?post=21566"}],"wp:featuredmedia":[{"embeddable":true,"href":"https:\/\/www.hormigaemergente.com.ar\/2025\/wp-json\/wp\/v2\/media\/21325"}],"wp:attachment":[{"href":"https:\/\/www.hormigaemergente.com.ar\/2025\/wp-json\/wp\/v2\/media?parent=21566"}],"wp:term":[{"taxonomy":"product_brand","embeddable":true,"href":"https:\/\/www.hormigaemergente.com.ar\/2025\/wp-json\/wp\/v2\/product_brand?post=21566"},{"taxonomy":"product_cat","embeddable":true,"href":"https:\/\/www.hormigaemergente.com.ar\/2025\/wp-json\/wp\/v2\/product_cat?post=21566"},{"taxonomy":"product_tag","embeddable":true,"href":"https:\/\/www.hormigaemergente.com.ar\/2025\/wp-json\/wp\/v2\/product_tag?post=21566"}],"curies":[{"name":"wp","href":"https:\/\/api.w.org\/{rel}","templated":true}]}}