{"id":21715,"date":"2025-09-09T17:14:32","date_gmt":"2025-09-09T17:14:32","guid":{"rendered":"https:\/\/www.hormigaemergente.com.ar\/2025\/?post_type=product&#038;p=21715"},"modified":"2025-10-28T19:03:46","modified_gmt":"2025-10-28T19:03:46","slug":"proyecto-sur","status":"publish","type":"product","link":"https:\/\/www.hormigaemergente.com.ar\/2025\/producto\/proyecto-sur\/","title":{"rendered":"Proyecto Sur"},"content":{"rendered":"<p>\u2728 Proyecto Sur \u2013 Hotel \u2728<br \/>\nEn este hotel del sur, la ambientaci\u00f3n busc\u00f3 integrar el entorno natural con un mobiliario de dise\u00f1o c\u00e1lido y funcional. La protagonista es nuestra mesa Miller, una pieza de l\u00edneas modernas y vers\u00e1tiles que se adapta a diferentes estilos de espacios comunes.<\/p>\n<p>Rodeada de sillones confortables y acompa\u00f1ada por la calidez de la madera y la luz natural, la mesa Miller se convierte en el centro de un espacio pensado para el encuentro, el relax y la contemplaci\u00f3n del paisaje.<\/p>\n<p>Un proyecto que refleja el esp\u00edritu del sur: naturaleza, dise\u00f1o y armon\u00eda en un mismo ambiente.<\/p>\n","protected":false},"excerpt":{"rendered":"<p>\u2728 Proyecto Sur \u2013 Hotel \u2728 En este hotel del sur, la ambientaci\u00f3n busc\u00f3 integrar el entorno natural con un<\/p>\n","protected":false},"featured_media":21661,"comment_status":"closed","ping_status":"closed","template":"","meta":{"_joinchat":[]},"product_brand":[],"product_cat":[480],"product_tag":[426,375,210,267,197,194,162,161,262,272,425],"class_list":{"0":"post-21715","1":"product","2":"type-product","3":"status-publish","4":"has-post-thumbnail","6":"product_cat-proyectos","7":"product_tag-bases-de-aluminio-para-mesas-y-sillones","8":"product_tag-clasico-del-diseno-moderno","9":"product_tag-mesa-a-medida","10":"product_tag-mesa-clasica","11":"product_tag-mesa-minimalista","12":"product_tag-mesa-organica","13":"product_tag-mesa-organicas","14":"product_tag-mesa-originales","15":"product_tag-mesa-para-8-personas","16":"product_tag-mesa-saarienen","17":"product_tag-patas-de-aluminio-para-muebles","19":"first","20":"instock","21":"shipping-taxable","22":"product-type-simple"},"_links":{"self":[{"href":"https:\/\/www.hormigaemergente.com.ar\/2025\/wp-json\/wp\/v2\/product\/21715","targetHints":{"allow":["GET"]}}],"collection":[{"href":"https:\/\/www.hormigaemergente.com.ar\/2025\/wp-json\/wp\/v2\/product"}],"about":[{"href":"https:\/\/www.hormigaemergente.com.ar\/2025\/wp-json\/wp\/v2\/types\/product"}],"replies":[{"embeddable":true,"href":"https:\/\/www.hormigaemergente.com.ar\/2025\/wp-json\/wp\/v2\/comments?post=21715"}],"wp:featuredmedia":[{"embeddable":true,"href":"https:\/\/www.hormigaemergente.com.ar\/2025\/wp-json\/wp\/v2\/media\/21661"}],"wp:attachment":[{"href":"https:\/\/www.hormigaemergente.com.ar\/2025\/wp-json\/wp\/v2\/media?parent=21715"}],"wp:term":[{"taxonomy":"product_brand","embeddable":true,"href":"https:\/\/www.hormigaemergente.com.ar\/2025\/wp-json\/wp\/v2\/product_brand?post=21715"},{"taxonomy":"product_cat","embeddable":true,"href":"https:\/\/www.hormigaemergente.com.ar\/2025\/wp-json\/wp\/v2\/product_cat?post=21715"},{"taxonomy":"product_tag","embeddable":true,"href":"https:\/\/www.hormigaemergente.com.ar\/2025\/wp-json\/wp\/v2\/product_tag?post=21715"}],"curies":[{"name":"wp","href":"https:\/\/api.w.org\/{rel}","templated":true}]}}