{"id":21753,"date":"2025-09-09T18:23:11","date_gmt":"2025-09-09T18:23:11","guid":{"rendered":"https:\/\/www.hormigaemergente.com.ar\/2025\/?post_type=product&#038;p=21753"},"modified":"2025-09-11T18:04:56","modified_gmt":"2025-09-11T18:04:56","slug":"proyecto-publicidad-pantene","status":"publish","type":"product","link":"https:\/\/www.hormigaemergente.com.ar\/2025\/producto\/proyecto-publicidad-pantene\/","title":{"rendered":"Proyecto Publicidad Pantene"},"content":{"rendered":"<p>Proyecto Publicidad Pantene \u2728<br \/>\nEn esta puesta en escena para Pantene, el dise\u00f1o del espacio se pens\u00f3 para transmitir elegancia, innovaci\u00f3n y sofisticaci\u00f3n. Los protagonistas son nuestros sof\u00e1s de dise\u00f1o envolvente junto a las mesas coffee, que aportan equilibrio entre lo est\u00e9tico y lo funcional.<\/p>\n<p>El mobiliario se integra en un entorno moderno que acompa\u00f1a la identidad de la marca, generando un ambiente acogedor, din\u00e1mico y premium, perfecto para eventos y activaciones publicitarias.<\/p>\n<p>Un proyecto donde cada detalle refleja el esp\u00edritu de Pantene: estilo, cuidado y distinci\u00f3n.<\/p>\n","protected":false},"excerpt":{"rendered":"<p>Proyecto Publicidad Pantene \u2728 En esta puesta en escena para Pantene, el dise\u00f1o del espacio se pens\u00f3 para transmitir elegancia,<\/p>\n","protected":false},"featured_media":21754,"comment_status":"closed","ping_status":"closed","template":"","meta":{"_joinchat":[]},"product_brand":[],"product_cat":[480],"product_tag":[],"class_list":{"0":"post-21753","1":"product","2":"type-product","3":"status-publish","4":"has-post-thumbnail","6":"product_cat-proyectos","8":"first","9":"instock","10":"shipping-taxable","11":"product-type-simple"},"_links":{"self":[{"href":"https:\/\/www.hormigaemergente.com.ar\/2025\/wp-json\/wp\/v2\/product\/21753","targetHints":{"allow":["GET"]}}],"collection":[{"href":"https:\/\/www.hormigaemergente.com.ar\/2025\/wp-json\/wp\/v2\/product"}],"about":[{"href":"https:\/\/www.hormigaemergente.com.ar\/2025\/wp-json\/wp\/v2\/types\/product"}],"replies":[{"embeddable":true,"href":"https:\/\/www.hormigaemergente.com.ar\/2025\/wp-json\/wp\/v2\/comments?post=21753"}],"wp:featuredmedia":[{"embeddable":true,"href":"https:\/\/www.hormigaemergente.com.ar\/2025\/wp-json\/wp\/v2\/media\/21754"}],"wp:attachment":[{"href":"https:\/\/www.hormigaemergente.com.ar\/2025\/wp-json\/wp\/v2\/media?parent=21753"}],"wp:term":[{"taxonomy":"product_brand","embeddable":true,"href":"https:\/\/www.hormigaemergente.com.ar\/2025\/wp-json\/wp\/v2\/product_brand?post=21753"},{"taxonomy":"product_cat","embeddable":true,"href":"https:\/\/www.hormigaemergente.com.ar\/2025\/wp-json\/wp\/v2\/product_cat?post=21753"},{"taxonomy":"product_tag","embeddable":true,"href":"https:\/\/www.hormigaemergente.com.ar\/2025\/wp-json\/wp\/v2\/product_tag?post=21753"}],"curies":[{"name":"wp","href":"https:\/\/api.w.org\/{rel}","templated":true}]}}