{"id":21774,"date":"2025-09-09T19:02:14","date_gmt":"2025-09-09T19:02:14","guid":{"rendered":"https:\/\/www.hormigaemergente.com.ar\/2025\/?post_type=product&#038;p=21774"},"modified":"2025-10-28T18:58:11","modified_gmt":"2025-10-28T18:58:11","slug":"proyecto-byres-centro-de-estetica","status":"publish","type":"product","link":"https:\/\/www.hormigaemergente.com.ar\/2025\/producto\/proyecto-byres-centro-de-estetica\/","title":{"rendered":"Proyecto Bayres Centro de Estetica"},"content":{"rendered":"<p>En este proyecto acompa\u00f1amos la identidad de Hella con nuestro sof\u00e1 Bayres, una pieza que combina dise\u00f1o, comodidad y confort en un solo gesto. Su forma curva y envolvente aporta calidez y genera un espacio de espera m\u00e1s calido, relajado y elegante.<\/p>\n<p>El sof\u00e1 Bayres no solo viste el lugar, sino que tambi\u00e9n refleja la b\u00fasqueda de un estilo distinto y arm\u00f3nico, pensado para que cada cliente se sienta a gusto desde el primer momento. Un mobiliario que transforma la recepci\u00f3n en un espacio acogedor y sofisticado, perfecto para un centro de est\u00e9tica que cuida cada detalle.<\/p>\n","protected":false},"excerpt":{"rendered":"<p>En este proyecto acompa\u00f1amos la identidad de Hella con nuestro sof\u00e1 Bayres, una pieza que combina dise\u00f1o, comodidad y confort<\/p>\n","protected":false},"featured_media":21775,"comment_status":"closed","ping_status":"closed","template":"","meta":{"_joinchat":[]},"product_brand":[],"product_cat":[480],"product_tag":[208,220,334,361,227,221,234,144,145],"class_list":{"0":"post-21774","1":"product","2":"type-product","3":"status-publish","4":"has-post-thumbnail","6":"product_cat-proyectos","7":"product_tag-sillon-a-medida","8":"product_tag-sillon-amarillo","9":"product_tag-sillon-curo-de-diseno","10":"product_tag-sillon-de-autor","11":"product_tag-sillon-negro","12":"product_tag-sillon-pana-antimanchas","13":"product_tag-sillon-rojo","14":"product_tag-sofa-curvo","15":"product_tag-sofa-de-diseno","17":"first","18":"instock","19":"shipping-taxable","20":"product-type-simple"},"_links":{"self":[{"href":"https:\/\/www.hormigaemergente.com.ar\/2025\/wp-json\/wp\/v2\/product\/21774","targetHints":{"allow":["GET"]}}],"collection":[{"href":"https:\/\/www.hormigaemergente.com.ar\/2025\/wp-json\/wp\/v2\/product"}],"about":[{"href":"https:\/\/www.hormigaemergente.com.ar\/2025\/wp-json\/wp\/v2\/types\/product"}],"replies":[{"embeddable":true,"href":"https:\/\/www.hormigaemergente.com.ar\/2025\/wp-json\/wp\/v2\/comments?post=21774"}],"wp:featuredmedia":[{"embeddable":true,"href":"https:\/\/www.hormigaemergente.com.ar\/2025\/wp-json\/wp\/v2\/media\/21775"}],"wp:attachment":[{"href":"https:\/\/www.hormigaemergente.com.ar\/2025\/wp-json\/wp\/v2\/media?parent=21774"}],"wp:term":[{"taxonomy":"product_brand","embeddable":true,"href":"https:\/\/www.hormigaemergente.com.ar\/2025\/wp-json\/wp\/v2\/product_brand?post=21774"},{"taxonomy":"product_cat","embeddable":true,"href":"https:\/\/www.hormigaemergente.com.ar\/2025\/wp-json\/wp\/v2\/product_cat?post=21774"},{"taxonomy":"product_tag","embeddable":true,"href":"https:\/\/www.hormigaemergente.com.ar\/2025\/wp-json\/wp\/v2\/product_tag?post=21774"}],"curies":[{"name":"wp","href":"https:\/\/api.w.org\/{rel}","templated":true}]}}