{"id":21826,"date":"2025-09-18T14:01:29","date_gmt":"2025-09-18T14:01:29","guid":{"rendered":"https:\/\/www.hormigaemergente.com.ar\/2025\/?post_type=product&#038;p=21826"},"modified":"2025-10-28T18:59:22","modified_gmt":"2025-10-28T18:59:22","slug":"proyecto-river","status":"publish","type":"product","link":"https:\/\/www.hormigaemergente.com.ar\/2025\/producto\/proyecto-river\/","title":{"rendered":"Proyecto River"},"content":{"rendered":"<p data-start=\"128\" data-end=\"421\">\u2728 <strong data-start=\"130\" data-end=\"174\">Proyecto especial \u2013 Museo de River Plate<\/strong> \u2728<br data-start=\"176\" data-end=\"179\" \/>Tuvimos el honor de entregar <strong data-start=\"208\" data-end=\"236\">mesas y sillas de dise\u00f1o<\/strong> para el Museo de River \ud83c\udfdf\ufe0f\u2764\ufe0f. Un espacio \u00fanico donde la historia y la pasi\u00f3n se encuentran, ahora acompa\u00f1ado por mobiliario que combina <strong data-start=\"373\" data-end=\"418\">funcionalidad, confort y est\u00e9tica moderna<\/strong>.<\/p>\n<p data-start=\"423\" data-end=\"692\">Cada pieza fue seleccionada y fabricada para brindar una experiencia c\u00f3moda a los visitantes, respetando la identidad y el estilo del lugar.<br data-start=\"563\" data-end=\"566\" \/>Este proyecto refleja nuestro compromiso en llevar <strong data-start=\"617\" data-end=\"660\">dise\u00f1o argentino, calidad y durabilidad<\/strong> a instituciones emblem\u00e1ticas.<\/p>\n<p data-start=\"694\" data-end=\"837\">\ud83c\udf1f Mesas y sillas personalizadas.<br data-start=\"727\" data-end=\"730\" \/>\ud83c\udf1f Materiales resistentes y terminaciones de primera.<br data-start=\"783\" data-end=\"786\" \/>\ud83c\udf1f Dise\u00f1o pensado para espacios de alto tr\u00e1nsito.<\/p>\n","protected":false},"excerpt":{"rendered":"<p>\u2728 Proyecto especial \u2013 Museo de River Plate \u2728Tuvimos el honor de entregar mesas y sillas de dise\u00f1o para el<\/p>\n","protected":false},"featured_media":21833,"comment_status":"closed","ping_status":"closed","template":"","meta":{"_joinchat":[]},"product_brand":[],"product_cat":[480],"product_tag":[427,426,375,437,189,210,197,194,162,161,424,283,208,220,334,361,221,144,145],"class_list":{"0":"post-21826","1":"product","2":"type-product","3":"status-publish","4":"has-post-thumbnail","6":"product_cat-proyectos","7":"product_tag-accesorios-para-muebles-modernos","8":"product_tag-bases-de-aluminio-para-mesas-y-sillones","9":"product_tag-clasico-del-diseno-moderno","10":"product_tag-herrajes-metalicos","11":"product_tag-lampara-acrilico","12":"product_tag-mesa-a-medida","13":"product_tag-mesa-minimalista","14":"product_tag-mesa-organica","15":"product_tag-mesa-organicas","16":"product_tag-mesa-originales","17":"product_tag-patas-para-muebles-de-fundicion-de-aluminio","18":"product_tag-silla-robin-day","19":"product_tag-sillon-a-medida","20":"product_tag-sillon-amarillo","21":"product_tag-sillon-curo-de-diseno","22":"product_tag-sillon-de-autor","23":"product_tag-sillon-pana-antimanchas","24":"product_tag-sofa-curvo","25":"product_tag-sofa-de-diseno","27":"first","28":"instock","29":"shipping-taxable","30":"product-type-simple"},"_links":{"self":[{"href":"https:\/\/www.hormigaemergente.com.ar\/2025\/wp-json\/wp\/v2\/product\/21826","targetHints":{"allow":["GET"]}}],"collection":[{"href":"https:\/\/www.hormigaemergente.com.ar\/2025\/wp-json\/wp\/v2\/product"}],"about":[{"href":"https:\/\/www.hormigaemergente.com.ar\/2025\/wp-json\/wp\/v2\/types\/product"}],"replies":[{"embeddable":true,"href":"https:\/\/www.hormigaemergente.com.ar\/2025\/wp-json\/wp\/v2\/comments?post=21826"}],"wp:featuredmedia":[{"embeddable":true,"href":"https:\/\/www.hormigaemergente.com.ar\/2025\/wp-json\/wp\/v2\/media\/21833"}],"wp:attachment":[{"href":"https:\/\/www.hormigaemergente.com.ar\/2025\/wp-json\/wp\/v2\/media?parent=21826"}],"wp:term":[{"taxonomy":"product_brand","embeddable":true,"href":"https:\/\/www.hormigaemergente.com.ar\/2025\/wp-json\/wp\/v2\/product_brand?post=21826"},{"taxonomy":"product_cat","embeddable":true,"href":"https:\/\/www.hormigaemergente.com.ar\/2025\/wp-json\/wp\/v2\/product_cat?post=21826"},{"taxonomy":"product_tag","embeddable":true,"href":"https:\/\/www.hormigaemergente.com.ar\/2025\/wp-json\/wp\/v2\/product_tag?post=21826"}],"curies":[{"name":"wp","href":"https:\/\/api.w.org\/{rel}","templated":true}]}}