{"id":21883,"date":"2025-12-01T01:22:11","date_gmt":"2025-12-01T01:22:11","guid":{"rendered":"https:\/\/www.hormigaemergente.com.ar\/2025\/?post_type=product&#038;p=21883"},"modified":"2025-12-01T01:27:37","modified_gmt":"2025-12-01T01:27:37","slug":"proyecto-sofa-verde","status":"publish","type":"product","link":"https:\/\/www.hormigaemergente.com.ar\/2025\/producto\/proyecto-sofa-verde\/","title":{"rendered":"Proyecto Sof\u00e1 Verde"},"content":{"rendered":"<p>\u2728 Entrega especial para local de indumentaria \u2728<\/p>\n<p>As\u00ed qued\u00f3 este sof\u00e1 a medida que dise\u00f1amos para crear un espacio c\u00f3modo, moderno y con presencia dentro del local.<\/p>\n<p>Confeccionado en pana velvet premium color verde esmeralda, este modelo aporta calidez, estilo y un impacto visual que transforma el ambiente y realza la experiencia de quienes visitan el showroom.<\/p>\n<p>\u2714\ufe0f Estructura reforzada<\/p>\n<p>\u2714\ufe0f S\u00faper mullido y confortable<\/p>\n<p>\u2714\ufe0f M\u00f3dulos amplios que permiten adaptar el espacio<\/p>\n<p>\u2714\ufe0f Terminaciones de alta calidad<\/p>\n<p>\u2714\ufe0f Incluye almohadones combinados<\/p>\n<p>Perfecto para recibir clientes, acompa\u00f1ar sesiones de foto o sumar un rinc\u00f3n de descanso con mucha personalidad.<\/p>\n<p>\ud83d\udc9a Hormiga Emergente \u2014 dise\u00f1o que eleva tu espacio.<\/p>\n","protected":false},"excerpt":{"rendered":"<p>\u2728 Entrega especial para local de indumentaria \u2728 As\u00ed qued\u00f3 este sof\u00e1 a medida que dise\u00f1amos para crear un espacio<\/p>\n","protected":false},"featured_media":21887,"comment_status":"closed","ping_status":"closed","template":"","meta":{"_joinchat":[]},"product_brand":[],"product_cat":[480],"product_tag":[208,220,334,361,227,221,234,144,145],"class_list":{"0":"post-21883","1":"product","2":"type-product","3":"status-publish","4":"has-post-thumbnail","6":"product_cat-proyectos","7":"product_tag-sillon-a-medida","8":"product_tag-sillon-amarillo","9":"product_tag-sillon-curo-de-diseno","10":"product_tag-sillon-de-autor","11":"product_tag-sillon-negro","12":"product_tag-sillon-pana-antimanchas","13":"product_tag-sillon-rojo","14":"product_tag-sofa-curvo","15":"product_tag-sofa-de-diseno","17":"first","18":"instock","19":"shipping-taxable","20":"product-type-simple"},"_links":{"self":[{"href":"https:\/\/www.hormigaemergente.com.ar\/2025\/wp-json\/wp\/v2\/product\/21883","targetHints":{"allow":["GET"]}}],"collection":[{"href":"https:\/\/www.hormigaemergente.com.ar\/2025\/wp-json\/wp\/v2\/product"}],"about":[{"href":"https:\/\/www.hormigaemergente.com.ar\/2025\/wp-json\/wp\/v2\/types\/product"}],"replies":[{"embeddable":true,"href":"https:\/\/www.hormigaemergente.com.ar\/2025\/wp-json\/wp\/v2\/comments?post=21883"}],"wp:featuredmedia":[{"embeddable":true,"href":"https:\/\/www.hormigaemergente.com.ar\/2025\/wp-json\/wp\/v2\/media\/21887"}],"wp:attachment":[{"href":"https:\/\/www.hormigaemergente.com.ar\/2025\/wp-json\/wp\/v2\/media?parent=21883"}],"wp:term":[{"taxonomy":"product_brand","embeddable":true,"href":"https:\/\/www.hormigaemergente.com.ar\/2025\/wp-json\/wp\/v2\/product_brand?post=21883"},{"taxonomy":"product_cat","embeddable":true,"href":"https:\/\/www.hormigaemergente.com.ar\/2025\/wp-json\/wp\/v2\/product_cat?post=21883"},{"taxonomy":"product_tag","embeddable":true,"href":"https:\/\/www.hormigaemergente.com.ar\/2025\/wp-json\/wp\/v2\/product_tag?post=21883"}],"curies":[{"name":"wp","href":"https:\/\/api.w.org\/{rel}","templated":true}]}}