{"id":21912,"date":"2026-04-01T15:24:26","date_gmt":"2026-04-01T15:24:26","guid":{"rendered":"https:\/\/www.hormigaemergente.com.ar\/2025\/?post_type=product&#038;p=21912"},"modified":"2026-04-01T15:39:31","modified_gmt":"2026-04-01T15:39:31","slug":"mesas-ratonas-oblicuo","status":"publish","type":"product","link":"https:\/\/www.hormigaemergente.com.ar\/2025\/producto\/mesas-ratonas-oblicuo\/","title":{"rendered":"Mesas Ratonas Oblicuo"},"content":{"rendered":"<p>Juego de Mesas Ratona \u201cOblicuo\u201d<\/p>\n<p>MATERIALIDAD:<\/p>\n<p>Base en madera maciza torneada en forma de cono.<\/p>\n<p>Tapa laqueada brillante o mate con bordes org\u00e1nicos suaves.<\/p>\n<p>Cada pieza se fabrica de manera artesanal, con un acabado de alta resistencia y un dise\u00f1o contempor\u00e1neo ideal para livings, estudios o espacios de relax.<\/p>\n<p>Se pueden realizar en distintos colores y terminaciones (consult\u00e1 por laqueado mate, brillante o resina).<\/p>\n<p>DIMENSIONES:<\/p>\n<p>Mesa grande: 50 cm de di\u00e1metro x 40 cm de altura<\/p>\n<p>Mesa chica: 40 cm de di\u00e1metro x 35 cm de altura<\/p>\n<p>VALOR DE LISTA:<\/p>\n<p>Abonalo hasta en 12 cuotas fijas.<\/p>\n<p>Consult\u00e1 por descuentos en efectivo o colores personalizados.<\/p>\n<p>Ten\u00e9s dise\u00f1o, ten\u00e9s industria argentina.<\/p>\n","protected":false},"excerpt":{"rendered":"<p>Juego de Mesas Ratona \u201cOblicuo\u201d MATERIALIDAD: Base en madera maciza torneada en forma de cono. Tapa laqueada brillante o mate<\/p>\n","protected":false},"featured_media":21913,"comment_status":"open","ping_status":"closed","template":"","meta":{"_joinchat":[]},"product_brand":[],"product_cat":[128,125,109,117],"product_tag":[],"class_list":{"0":"post-21912","1":"product","2":"type-product","3":"status-publish","4":"has-post-thumbnail","6":"product_cat-alq-mesas","7":"product_cat-alquileres","8":"product_cat-casa","9":"product_cat-mesa-ratona","11":"first","12":"instock","13":"shipping-taxable","14":"product-type-simple"},"_links":{"self":[{"href":"https:\/\/www.hormigaemergente.com.ar\/2025\/wp-json\/wp\/v2\/product\/21912","targetHints":{"allow":["GET"]}}],"collection":[{"href":"https:\/\/www.hormigaemergente.com.ar\/2025\/wp-json\/wp\/v2\/product"}],"about":[{"href":"https:\/\/www.hormigaemergente.com.ar\/2025\/wp-json\/wp\/v2\/types\/product"}],"replies":[{"embeddable":true,"href":"https:\/\/www.hormigaemergente.com.ar\/2025\/wp-json\/wp\/v2\/comments?post=21912"}],"wp:featuredmedia":[{"embeddable":true,"href":"https:\/\/www.hormigaemergente.com.ar\/2025\/wp-json\/wp\/v2\/media\/21913"}],"wp:attachment":[{"href":"https:\/\/www.hormigaemergente.com.ar\/2025\/wp-json\/wp\/v2\/media?parent=21912"}],"wp:term":[{"taxonomy":"product_brand","embeddable":true,"href":"https:\/\/www.hormigaemergente.com.ar\/2025\/wp-json\/wp\/v2\/product_brand?post=21912"},{"taxonomy":"product_cat","embeddable":true,"href":"https:\/\/www.hormigaemergente.com.ar\/2025\/wp-json\/wp\/v2\/product_cat?post=21912"},{"taxonomy":"product_tag","embeddable":true,"href":"https:\/\/www.hormigaemergente.com.ar\/2025\/wp-json\/wp\/v2\/product_tag?post=21912"}],"curies":[{"name":"wp","href":"https:\/\/api.w.org\/{rel}","templated":true}]}}