{"id":2454,"date":"2021-07-09T15:10:10","date_gmt":"2021-07-09T15:10:10","guid":{"rendered":"http:\/\/hormigaemergente.com.ar\/wp2\/?post_type=product&#038;p=2454"},"modified":"2025-05-17T02:23:35","modified_gmt":"2025-05-17T02:23:35","slug":"almohadones-eames-eiffel-color","status":"publish","type":"product","link":"https:\/\/www.hormigaemergente.com.ar\/2025\/producto\/almohadones-eames-eiffel-color\/","title":{"rendered":"Almohadones Eames\/Eiffel"},"content":{"rendered":"<p>Almohadon decorativo para silla BIKINI &#8211; EIFFEL &#8211; EAMES<\/p>\n<p>&#8211; Relleno de goma espuma de 1,5 cm<br \/>\n&#8211; Tapizado en eco cuero Talampaya de excelente calidad, no se abre.<\/p>\n<p>* DIMENSIONES: 38 cm x 40 cm<\/p>\n<p>Consulta valores en efectivo.<\/p>\n<p>Tiempo de producci\u00f3n de 7 a 10 d\u00edas.<\/p>\n","protected":false},"excerpt":{"rendered":"<p>ALMOHADON DECORATIVO PARA SILLA BIKINI &#8211; EIFFEL &#8211; EAMES<\/p>\n<p>&#8211; Relleno de goma espuma de 1,5 cm<br \/>\n&#8211; Tapizado en eco cuero Talampaya de excelente calidad, no se abre.<\/p>\n<p>* DIMENSIONES: 38 cm x 40 cm-<\/p>\n<p>Ab\u00f3nalo hasta en 12 cuotas sin inter\u00e9s.<\/p>\n<p>Tiempo de producci\u00f3n de 7 a 10 d\u00edas.<\/p>\n<p>_ _ _ _ _ _ _ _ _ _ _ _ _ _ _ _ _ _ _ _ _ _ _ _ _ _ _ _ _ _ _ _ _ _ _<\/p>\n<p>Ten\u00e9s dise\u00f1o, ten\u00e9s industria Argentina<\/p>\n","protected":false},"featured_media":19801,"comment_status":"open","ping_status":"closed","template":"","meta":{"_joinchat":[]},"product_brand":[],"product_cat":[106,110],"product_tag":[],"class_list":{"0":"post-2454","1":"product","2":"type-product","3":"status-publish","4":"has-post-thumbnail","6":"product_cat-accesorios","7":"product_cat-almohadones","9":"first","10":"instock","11":"shipping-taxable","12":"purchasable","13":"product-type-simple"},"_links":{"self":[{"href":"https:\/\/www.hormigaemergente.com.ar\/2025\/wp-json\/wp\/v2\/product\/2454","targetHints":{"allow":["GET"]}}],"collection":[{"href":"https:\/\/www.hormigaemergente.com.ar\/2025\/wp-json\/wp\/v2\/product"}],"about":[{"href":"https:\/\/www.hormigaemergente.com.ar\/2025\/wp-json\/wp\/v2\/types\/product"}],"replies":[{"embeddable":true,"href":"https:\/\/www.hormigaemergente.com.ar\/2025\/wp-json\/wp\/v2\/comments?post=2454"}],"wp:featuredmedia":[{"embeddable":true,"href":"https:\/\/www.hormigaemergente.com.ar\/2025\/wp-json\/wp\/v2\/media\/19801"}],"wp:attachment":[{"href":"https:\/\/www.hormigaemergente.com.ar\/2025\/wp-json\/wp\/v2\/media?parent=2454"}],"wp:term":[{"taxonomy":"product_brand","embeddable":true,"href":"https:\/\/www.hormigaemergente.com.ar\/2025\/wp-json\/wp\/v2\/product_brand?post=2454"},{"taxonomy":"product_cat","embeddable":true,"href":"https:\/\/www.hormigaemergente.com.ar\/2025\/wp-json\/wp\/v2\/product_cat?post=2454"},{"taxonomy":"product_tag","embeddable":true,"href":"https:\/\/www.hormigaemergente.com.ar\/2025\/wp-json\/wp\/v2\/product_tag?post=2454"}],"curies":[{"name":"wp","href":"https:\/\/api.w.org\/{rel}","templated":true}]}}