{"id":2487,"date":"2021-07-12T16:51:45","date_gmt":"2021-07-12T16:51:45","guid":{"rendered":"http:\/\/hormigaemergente.com.ar\/wp2\/?post_type=product&#038;p=2487"},"modified":"2022-05-03T20:30:06","modified_gmt":"2022-05-03T20:30:06","slug":"tensores","status":"publish","type":"product","link":"https:\/\/www.hormigaemergente.com.ar\/2025\/producto\/tensores\/","title":{"rendered":"Tensores"},"content":{"rendered":"<p>Tensor Gancho Cromado.<\/p>\n<ul>\n<li>Contenido del kit:<\/li>\n<\/ul>\n<p>3 m de Cable de acero<br \/>\nTarugo de pared (2)<br \/>\n2 piezas tensoras<br \/>\nLlaves alem (2)<\/p>\n<p>\u2013 12 cuotas<\/p>\n<p>_ _ _ _ _ _ _ _ _ _ _ _ _ _ _ _ _ _ _ _ _ _ _ _ _ _ _ _ _ _ _ _ _ _ _<\/p>\n<p>Ten\u00e9s dise\u00f1o, ten\u00e9s industria Argentina<\/p>\n","protected":false},"excerpt":{"rendered":"<p>Tensor Gancho Cromado.<\/p>\n<ul>\n<li>Contenido del kit:<\/li>\n<\/ul>\n<p>3 m de Cable de acero<br \/>\nTarugo de pared (2)<br \/>\n2 piezas tensoras<br \/>\nLlaves alem (2)<\/p>\n<p>$2999.99 \u2013 12 cuotas<\/p>\n<p>_ _ _ _ _ _ _ _ _ _ _ _ _ _ _ _ _ _ _ _ _ _ _ _ _ _ _ _ _ _ _ _ _ _ _<\/p>\n<p>Ten\u00e9s dise\u00f1o, ten\u00e9s industria Argentina<\/p>\n","protected":false},"featured_media":19826,"comment_status":"open","ping_status":"closed","template":"","meta":{"_joinchat":[]},"product_brand":[],"product_cat":[106,114],"product_tag":[],"class_list":{"0":"post-2487","1":"product","2":"type-product","3":"status-publish","4":"has-post-thumbnail","6":"product_cat-accesorios","7":"product_cat-pasacables-y-tensores","9":"first","10":"instock","11":"shipping-taxable","12":"product-type-simple"},"_links":{"self":[{"href":"https:\/\/www.hormigaemergente.com.ar\/2025\/wp-json\/wp\/v2\/product\/2487","targetHints":{"allow":["GET"]}}],"collection":[{"href":"https:\/\/www.hormigaemergente.com.ar\/2025\/wp-json\/wp\/v2\/product"}],"about":[{"href":"https:\/\/www.hormigaemergente.com.ar\/2025\/wp-json\/wp\/v2\/types\/product"}],"replies":[{"embeddable":true,"href":"https:\/\/www.hormigaemergente.com.ar\/2025\/wp-json\/wp\/v2\/comments?post=2487"}],"wp:featuredmedia":[{"embeddable":true,"href":"https:\/\/www.hormigaemergente.com.ar\/2025\/wp-json\/wp\/v2\/media\/19826"}],"wp:attachment":[{"href":"https:\/\/www.hormigaemergente.com.ar\/2025\/wp-json\/wp\/v2\/media?parent=2487"}],"wp:term":[{"taxonomy":"product_brand","embeddable":true,"href":"https:\/\/www.hormigaemergente.com.ar\/2025\/wp-json\/wp\/v2\/product_brand?post=2487"},{"taxonomy":"product_cat","embeddable":true,"href":"https:\/\/www.hormigaemergente.com.ar\/2025\/wp-json\/wp\/v2\/product_cat?post=2487"},{"taxonomy":"product_tag","embeddable":true,"href":"https:\/\/www.hormigaemergente.com.ar\/2025\/wp-json\/wp\/v2\/product_tag?post=2487"}],"curies":[{"name":"wp","href":"https:\/\/api.w.org\/{rel}","templated":true}]}}