{"id":2667,"date":"2021-07-18T13:01:19","date_gmt":"2021-07-18T13:01:19","guid":{"rendered":"http:\/\/hormigaemergente.com.ar\/wp2\/?post_type=product&#038;p=2667"},"modified":"2025-09-08T20:59:39","modified_gmt":"2025-09-08T20:59:39","slug":"ratona-saarinen-oval","status":"publish","type":"product","link":"https:\/\/www.hormigaemergente.com.ar\/2025\/producto\/ratona-saarinen-oval\/","title":{"rendered":"Ratona Saarinen Oval"},"content":{"rendered":"<p>Mesa Saarinen Ratona Oval<\/p>\n<p>_ _ _ _ _ _ _ _ _ _ _ _ _ _ _ _ _ _ _ _ _ _ _ _ _ _ _ _ _ _ _ _ _ _ _<br \/>\n* MATERIALIDAD:<\/p>\n<p>Estructura met\u00e1lica reforzada en fibra de vidrio<br \/>\nTerminaci\u00f3n en Gel Paint:<br \/>\nEste, es un derivado del gel coat, realizado especialmente para pintar maderas.<br \/>\nOfrece un acabado que a la vista, es similar al laqueado, pero con una dureza<br \/>\nmuy superior (resiste m\u00e1s a los rayones) y un espesor 10 veces mayor al poliuretano com\u00fan con canto dan\u00e9s a 45\u00b0.<\/p>\n<p>Consulta otras colores!<\/p>\n<p>_ _ _ _ _ _ _ _ _ _ _ _ _ _ _ _ _ _ _ _ _ _ _ _ _ _ _ _ _ _ _ _ _ _ _<br \/>\n* DIMENSIONES:<\/p>\n<p>Di\u00e1metro: 120 cm x 60 cm<br \/>\nAltura: 36 cm<br \/>\n_ _ _ _ _ _ _ _ _ _ _ _ _ _ _ _ _ _ _ _ _ _ _ _ _ _ _ _ _ _ _ _ _ _ _<br \/>\n* VALOR DE LISTA:<\/p>\n<p>Para interior:<strong> $<\/strong><\/p>\n<p>Para exterior:\u00a0<strong>$.-<\/strong><\/p>\n<p>Ab\u00f3nalo hasta en 12 cuotas sin inter\u00e9s.<\/p>\n<p>Consulta valores en efectivo!<\/p>\n<p>Consulta color para alquilar!<br \/>\n_ _ _ _ _ _ _ _ _ _ _ _ _ _ _ _ _ _ _ _ _ _ _ _ _ _ _ _ _ _ _ _ _ _ _<br \/>\nTenes dise\u00f1o, Tenes Industria Argentina<\/p>\n","protected":false},"excerpt":{"rendered":"<p>Mesa Saarinen Ratona Oval _ _ _ _ _ _ _ _ _ _ _ _ _ _ _ _<\/p>\n","protected":false},"featured_media":21712,"comment_status":"open","ping_status":"closed","template":"","meta":{"_joinchat":[]},"product_brand":[],"product_cat":[128,125,109,117],"product_tag":[],"class_list":{"0":"post-2667","1":"product","2":"type-product","3":"status-publish","4":"has-post-thumbnail","6":"product_cat-alq-mesas","7":"product_cat-alquileres","8":"product_cat-casa","9":"product_cat-mesa-ratona","11":"first","12":"instock","13":"shipping-taxable","14":"product-type-simple"},"_links":{"self":[{"href":"https:\/\/www.hormigaemergente.com.ar\/2025\/wp-json\/wp\/v2\/product\/2667","targetHints":{"allow":["GET"]}}],"collection":[{"href":"https:\/\/www.hormigaemergente.com.ar\/2025\/wp-json\/wp\/v2\/product"}],"about":[{"href":"https:\/\/www.hormigaemergente.com.ar\/2025\/wp-json\/wp\/v2\/types\/product"}],"replies":[{"embeddable":true,"href":"https:\/\/www.hormigaemergente.com.ar\/2025\/wp-json\/wp\/v2\/comments?post=2667"}],"wp:featuredmedia":[{"embeddable":true,"href":"https:\/\/www.hormigaemergente.com.ar\/2025\/wp-json\/wp\/v2\/media\/21712"}],"wp:attachment":[{"href":"https:\/\/www.hormigaemergente.com.ar\/2025\/wp-json\/wp\/v2\/media?parent=2667"}],"wp:term":[{"taxonomy":"product_brand","embeddable":true,"href":"https:\/\/www.hormigaemergente.com.ar\/2025\/wp-json\/wp\/v2\/product_brand?post=2667"},{"taxonomy":"product_cat","embeddable":true,"href":"https:\/\/www.hormigaemergente.com.ar\/2025\/wp-json\/wp\/v2\/product_cat?post=2667"},{"taxonomy":"product_tag","embeddable":true,"href":"https:\/\/www.hormigaemergente.com.ar\/2025\/wp-json\/wp\/v2\/product_tag?post=2667"}],"curies":[{"name":"wp","href":"https:\/\/api.w.org\/{rel}","templated":true}]}}