{"id":2759,"date":"2021-07-18T23:00:56","date_gmt":"2021-07-18T23:00:56","guid":{"rendered":"http:\/\/hormigaemergente.com.ar\/wp2\/?post_type=product&#038;p=2759"},"modified":"2025-08-15T15:59:52","modified_gmt":"2025-08-15T15:59:52","slug":"lemos-en-l","status":"publish","type":"product","link":"https:\/\/www.hormigaemergente.com.ar\/2025\/producto\/lemos-en-l\/","title":{"rendered":"Lemos en L"},"content":{"rendered":"<p>Sof\u00e1 Lemos en L<\/p>\n<p>El Sofa Lemos en L, est\u00e1 conformado, por un sof\u00e1 de 160 cm x 70 cm de l\u00edneas circulares, estilo escandinavo, y un puff peque\u00f1o sin apoya brazos, que juntos, conforman el juego ideal para tus peque\u00f1os espacios<\/p>\n<p>Dale ese toque vintage, que tanto te gustar\u00eda tener en tus interiores\u2026<\/p>\n<p>_ _ _ _ _ _ _ _ _ _ _ _ _ _ _ _ _ _ _ _ _ _ _ _ _ _ _ _ _ _ _ _ _ _ _<br \/>\n* MATERIALIDAD:<\/p>\n<p>Estructura de madera saligna estacionada.<br \/>\nPlaca soft de 22 kg de densidad<br \/>\nEl almohad\u00f3n de ambos asiento poseen una funda con cierre, lavable<br \/>\nPatas de madera de cerejeira torneadas<br \/>\nTapizado a elecci\u00f3n<\/p>\n<p>Combina texturas y colores<br \/>\n_ _ _ _ _ _ _ _ _ _ _ _ _ _ _ _ _ _ _ _ _ _ _ _ _ _ _ _ _ _ _ _ _ _ _<br \/>\n* DIMENSIONES:<br \/>\nSofa: 160 cm de largo x 70 cm de profundidad<br \/>\nPuff: 60 cm de lago x 60 cm de profundidad<br \/>\n_ _ _ _ _ _ _ _ _ _ _ _ _ _ _ _ _ _ _ _ _ _ _ _ _ _ _ _ _ _ _ _ _ _ _<\/p>\n<p>Ab\u00f3nalo hasta en 12 cuotas sin inter\u00e9s.<\/p>\n<p>Consulta en valor de telas exclusivas, como linos, cueros, con procesos antimanchas, y telas para exteriores<\/p>\n<p>Consulta valores en efectivo!<\/p>\n<p>_ _ _ _ _ _ _ _ _ _ _ _ _ _ _ _ _ _ _ _ _ _ _ _ _ _ _ _ _ _ _ _ _ _ _<\/p>\n<p>Tenes dise\u00f1o, Tenes Industria Argentina<\/p>\n<p>&nbsp;<\/p>\n","protected":false},"excerpt":{"rendered":"<p>Sof\u00e1 Lemos en L<\/p>\n<p>Sof\u00e1 de estilo vintage con l\u00edneas circulares, estilo escandinavo, y un puff peque\u00f1o sin apoya brazos, que juntos, conforman el juego ideal para tus peque\u00f1os espacios.<\/p>\n<p>El tapizado es a elecci\u00f3n podes combinar texturas y colores.<\/p>\n<p>Consulta valores en efectivo!<\/p>\n<p>_ _ _ _ _ _ _ _ _ _ _ _ _ _ _ _ _ _ _ _ _ _ _ _ _ _ _ _ _ _ _ _ _ _ _<\/p>\n<p>Tenes dise\u00f1o, Tenes Industria Argentina<\/p>\n","protected":false},"featured_media":21432,"comment_status":"open","ping_status":"closed","template":"","meta":{"_joinchat":[]},"product_brand":[],"product_cat":[133,109,138],"product_tag":[228,208,220,221,144,145],"class_list":{"0":"post-2759","1":"product","2":"type-product","3":"status-publish","4":"has-post-thumbnail","6":"product_cat-alq-sofas","7":"product_cat-casa","8":"product_cat-sofa","9":"product_tag-esquinero","10":"product_tag-sillon-a-medida","11":"product_tag-sillon-amarillo","12":"product_tag-sillon-pana-antimanchas","13":"product_tag-sofa-curvo","14":"product_tag-sofa-de-diseno","16":"first","17":"instock","18":"shipping-taxable","19":"purchasable","20":"product-type-simple"},"_links":{"self":[{"href":"https:\/\/www.hormigaemergente.com.ar\/2025\/wp-json\/wp\/v2\/product\/2759","targetHints":{"allow":["GET"]}}],"collection":[{"href":"https:\/\/www.hormigaemergente.com.ar\/2025\/wp-json\/wp\/v2\/product"}],"about":[{"href":"https:\/\/www.hormigaemergente.com.ar\/2025\/wp-json\/wp\/v2\/types\/product"}],"replies":[{"embeddable":true,"href":"https:\/\/www.hormigaemergente.com.ar\/2025\/wp-json\/wp\/v2\/comments?post=2759"}],"wp:featuredmedia":[{"embeddable":true,"href":"https:\/\/www.hormigaemergente.com.ar\/2025\/wp-json\/wp\/v2\/media\/21432"}],"wp:attachment":[{"href":"https:\/\/www.hormigaemergente.com.ar\/2025\/wp-json\/wp\/v2\/media?parent=2759"}],"wp:term":[{"taxonomy":"product_brand","embeddable":true,"href":"https:\/\/www.hormigaemergente.com.ar\/2025\/wp-json\/wp\/v2\/product_brand?post=2759"},{"taxonomy":"product_cat","embeddable":true,"href":"https:\/\/www.hormigaemergente.com.ar\/2025\/wp-json\/wp\/v2\/product_cat?post=2759"},{"taxonomy":"product_tag","embeddable":true,"href":"https:\/\/www.hormigaemergente.com.ar\/2025\/wp-json\/wp\/v2\/product_tag?post=2759"}],"curies":[{"name":"wp","href":"https:\/\/api.w.org\/{rel}","templated":true}]}}