{"id":2829,"date":"2021-07-25T18:36:06","date_gmt":"2021-07-25T18:36:06","guid":{"rendered":"http:\/\/hormigaemergente.com.ar\/wp2\/?post_type=product&#038;p=2829"},"modified":"2025-09-08T14:49:58","modified_gmt":"2025-09-08T14:49:58","slug":"base-saarinen-oval","status":"publish","type":"product","link":"https:\/\/www.hormigaemergente.com.ar\/2025\/producto\/base-saarinen-oval\/","title":{"rendered":"Base Saarinen Oval"},"content":{"rendered":"<p>Base para Mesa Saarinen Oval<\/p>\n<p>En 1957, el arquitecto de origen finland\u00e9s Eero Saarinen firm\u00f3 una de las mesas m\u00e1s famosas de la historia del dise\u00f1o. Era la soluci\u00f3n estructural perfecta para sujetar una mesa con el m\u00ednimo punto de apoyo y, por lo tanto, con espacio para acoger el m\u00e1ximo n\u00famero de comensales.<br \/>\n_ _ _ _ _ _ _ _ _ _ _ _ _ _ _ _ _ _ _ _ _ _ _ _ _ _ _ _ _ _ _ _ _ _ _<br \/>\n* MATERIALIDAD:<br \/>\nPie de fundici\u00f3n de aluminio<br \/>\nVinculo para atornillar a la tapa<br \/>\nSe unen mediante m\u00e9todo de rosca<br \/>\nTerminaci\u00f3n de la base: laca poliuretanica negra o blanca<\/p>\n<p>_ _ _ _ _ _ _ _ _ _ _ _ _ _ _ _ _ _ _ _ _ _ _ _ _ _ _ _ _ _ _ _ _ _ _<br \/>\n* DIMENSIONES:<br \/>\n76 cm de largo x 54 cm de profundidad x 73 cm de altura<br \/>\n_ _ _ _ _ _ _ _ _ _ _ _ _ _ _ _ _ _ _ _ _ _ _ _ _ _ _ _ _ _ _ _ _ _ _<\/p>\n<p>Ab\u00f3nalo hasta en 12 cuotas sin inter\u00e9s.<\/p>\n<p>Consulta valores en efectivo!<\/p>\n<p>Consulta color para alquilar!<br \/>\n_ _ _ _ _ _ _ _ _ _ _ _ _ _ _ _ _ _ _ _ _ _ _ _ _ _ _ _ _ _ _ _ _ _ _<\/p>\n<p>Tenes dise\u00f1o, Tenes Industria Argentina<\/p>\n","protected":false},"excerpt":{"rendered":"<p>Base para Mesa Saarinen Oval<\/p>\n<p>Pie de fundici\u00f3n de aluminio<br \/>\nVinculo para atornillar a la tapa<br \/>\nSe unen mediante m\u00e9todo de rosca<\/p>\n<p>_ _ _ _ _ _ _ _ _ _ _ _ _ _ _ _ _ _ _ _ _ _ _ _ _ _ _ _ _ _ _ _ _ _ _<br \/>\n* DIMENSIONES:<br \/>\n76 cm de largo x 54 cm de profundidad x 73 cm de altura<br \/>\n_ _ _ _ _ _ _ _ _ _ _ _ _ _ _ _ _ _ _ _ _ _ _ _ _ _ _ _ _ _ _ _ _ _ _<\/p>\n<p>&nbsp;<\/p>\n<p>Tenes dise\u00f1o, Tenes Industria Argentina<\/p>\n<p>&nbsp;<\/p>\n","protected":false},"featured_media":21704,"comment_status":"open","ping_status":"closed","template":"","meta":{"_joinchat":[]},"product_brand":[],"product_cat":[127,109,116,112],"product_tag":[450,451,455,456,453,452,454],"class_list":{"0":"post-2829","1":"product","2":"type-product","3":"status-publish","4":"has-post-thumbnail","6":"product_cat-alq-accesorios","7":"product_cat-casa","8":"product_cat-mesas","9":"product_cat-partes-sueltas","10":"product_tag-base-de-fundicion-de-aluminio","11":"product_tag-base-ovales","12":"product_tag-base-para-marmol","13":"product_tag-base-para-mesa","14":"product_tag-base-saarienen","15":"product_tag-base-saarienen-2x1","16":"product_tag-base-saarienen-aluminio","18":"first","19":"instock","20":"shipping-taxable","21":"purchasable","22":"product-type-simple"},"_links":{"self":[{"href":"https:\/\/www.hormigaemergente.com.ar\/2025\/wp-json\/wp\/v2\/product\/2829","targetHints":{"allow":["GET"]}}],"collection":[{"href":"https:\/\/www.hormigaemergente.com.ar\/2025\/wp-json\/wp\/v2\/product"}],"about":[{"href":"https:\/\/www.hormigaemergente.com.ar\/2025\/wp-json\/wp\/v2\/types\/product"}],"replies":[{"embeddable":true,"href":"https:\/\/www.hormigaemergente.com.ar\/2025\/wp-json\/wp\/v2\/comments?post=2829"}],"wp:featuredmedia":[{"embeddable":true,"href":"https:\/\/www.hormigaemergente.com.ar\/2025\/wp-json\/wp\/v2\/media\/21704"}],"wp:attachment":[{"href":"https:\/\/www.hormigaemergente.com.ar\/2025\/wp-json\/wp\/v2\/media?parent=2829"}],"wp:term":[{"taxonomy":"product_brand","embeddable":true,"href":"https:\/\/www.hormigaemergente.com.ar\/2025\/wp-json\/wp\/v2\/product_brand?post=2829"},{"taxonomy":"product_cat","embeddable":true,"href":"https:\/\/www.hormigaemergente.com.ar\/2025\/wp-json\/wp\/v2\/product_cat?post=2829"},{"taxonomy":"product_tag","embeddable":true,"href":"https:\/\/www.hormigaemergente.com.ar\/2025\/wp-json\/wp\/v2\/product_tag?post=2829"}],"curies":[{"name":"wp","href":"https:\/\/api.w.org\/{rel}","templated":true}]}}