{"id":2990,"date":"2021-07-26T20:12:39","date_gmt":"2021-07-26T20:12:39","guid":{"rendered":"http:\/\/hormigaemergente.com.ar\/wp2\/?post_type=product&#038;p=2990"},"modified":"2025-11-12T20:01:10","modified_gmt":"2025-11-12T20:01:10","slug":"bikini","status":"publish","type":"product","link":"https:\/\/www.hormigaemergente.com.ar\/2025\/producto\/bikini\/","title":{"rendered":"Bikini"},"content":{"rendered":"<p>Silla Bikini<\/p>\n<p>Tambien llamada silla Wire, fue dise\u00f1ana en el a\u00f1o 1951 por Charles y Ray Eames<\/p>\n<p>Dise\u00f1ada por Ray y Charles Eames donde una amplia malla de cable de alambre \u201cWire Chair\u201d hace que esta silla sea ligera y genere una trasparencia produciendo la impresi\u00f3n de un dibujo met\u00e1lico tridimensional.<\/p>\n<p>Los cojines de ecocuero a\u00f1aden incluso m\u00e1s comfort con una base Eiffel de acero con ca\u00f1o tubular.<\/p>\n<p>&nbsp;<\/p>\n<p>_ _ _ _ _ _ _ _ _ _ _ _ _ _ _ _ _ _ _ _ _ _ _ _ _ _ _ _ _ _ _ _ _ _ _<br \/>\n* MATERIALIDAD:<br \/>\nEstructura multilaminada<br \/>\nTapizada de varillas cromadas o pintadas: blanco, negro, amarillo, azul y rojo<br \/>\nViene con al almohad\u00f3n del asiento incluido de ecco cuero<\/p>\n<p>Consulta colores y otras telas!<br \/>\n_ _ _ _ _ _ _ _ _ _ _ _ _ _ _ _ _ _ _ _ _ _ _ _ _ _ _ _ _ _ _ _ _ _ _<br \/>\n* DIMENSIONES:<br \/>\nMedidas: 46 x 82 x 40 (prof) cm. Altura de asiento: 46 cm<br \/>\nMateriales: Acero cromado, blanco o negro con almohad\u00f3n de ecocuero.<br \/>\nApilable: No<br \/>\n_ _ _ _ _ _ _ _ _ _ _ _ _ _ _ _ _ _ _ _ _ _ _ _ _ _ _ _ _ _ _ _ _ _ _<\/p>\n<p>Ab\u00f3nalo hasta en 12 cuotas sin inter\u00e9s.<br \/>\nConsulta valores en efectivo!<br \/>\n_ _ _ _ _ _ _ _ _ _ _ _ _ _ _ _ _ _ _ _ _ _ _ _ _ _ _ _ _ _ _ _ _ _ _<br \/>\nTenes dise\u00f1o, Tenes Industria Argentina<\/p>\n","protected":false},"excerpt":{"rendered":"<p>Silla Bikini<\/p>\n<p>Tapizada de varillas cromadas o pintadas: blanco, negro, amarillo, azul y rojo<br \/>\nViene con al almohad\u00f3n del asiento incluido de ecco cuero<\/p>\n<p>_ _ _ _ _ _ _ _ _ _ _ _ _ _ _ _ _ _ _ _ _ _ _ _ _ _ _ _ _ _ _ _ _ _ _<\/p>\n<p>Ab\u00f3nalo hasta en 12 cuotas sin inter\u00e9s.<\/p>\n<p>_ _ _ _ _ _ _ _ _ _ _ _ _ _ _ _ _ _ _ _ _ _ _ _ _ _ _ _ _ _ _ _ _ _ _<br \/>\nTenes dise\u00f1o, Tenes Industria Argentina<\/p>\n","protected":false},"featured_media":21878,"comment_status":"open","ping_status":"closed","template":"","meta":{"_joinchat":[]},"product_brand":[],"product_cat":[109,140],"product_tag":[484,401,481,483],"class_list":{"0":"post-2990","1":"product","2":"type-product","3":"status-publish","4":"has-post-thumbnail","6":"product_cat-casa","7":"product_cat-sillas","8":"product_tag-silla-cromada","9":"product_tag-silla-de-autor","10":"product_tag-silla-de-diseno","11":"product_tag-sillabikini","13":"first","14":"instock","15":"shipping-taxable","16":"product-type-simple"},"_links":{"self":[{"href":"https:\/\/www.hormigaemergente.com.ar\/2025\/wp-json\/wp\/v2\/product\/2990","targetHints":{"allow":["GET"]}}],"collection":[{"href":"https:\/\/www.hormigaemergente.com.ar\/2025\/wp-json\/wp\/v2\/product"}],"about":[{"href":"https:\/\/www.hormigaemergente.com.ar\/2025\/wp-json\/wp\/v2\/types\/product"}],"replies":[{"embeddable":true,"href":"https:\/\/www.hormigaemergente.com.ar\/2025\/wp-json\/wp\/v2\/comments?post=2990"}],"wp:featuredmedia":[{"embeddable":true,"href":"https:\/\/www.hormigaemergente.com.ar\/2025\/wp-json\/wp\/v2\/media\/21878"}],"wp:attachment":[{"href":"https:\/\/www.hormigaemergente.com.ar\/2025\/wp-json\/wp\/v2\/media?parent=2990"}],"wp:term":[{"taxonomy":"product_brand","embeddable":true,"href":"https:\/\/www.hormigaemergente.com.ar\/2025\/wp-json\/wp\/v2\/product_brand?post=2990"},{"taxonomy":"product_cat","embeddable":true,"href":"https:\/\/www.hormigaemergente.com.ar\/2025\/wp-json\/wp\/v2\/product_cat?post=2990"},{"taxonomy":"product_tag","embeddable":true,"href":"https:\/\/www.hormigaemergente.com.ar\/2025\/wp-json\/wp\/v2\/product_tag?post=2990"}],"curies":[{"name":"wp","href":"https:\/\/api.w.org\/{rel}","templated":true}]}}