{"id":3533,"date":"2021-10-23T15:27:28","date_gmt":"2021-10-23T15:27:28","guid":{"rendered":"http:\/\/hormigaemergente.com.ar\/wp2\/?post_type=product&#038;p=3533"},"modified":"2022-03-30T17:53:48","modified_gmt":"2022-03-30T17:53:48","slug":"escritorio-retro","status":"publish","type":"product","link":"https:\/\/www.hormigaemergente.com.ar\/2025\/producto\/escritorio-retro\/","title":{"rendered":"Escritorio Retro"},"content":{"rendered":"<p>Escritorio Retro<\/p>\n<p>Tapa de vidrio con combonacion de patas de madera blancas<\/p>\n<p>Medidas: 120 cm x 60cm x 73 cm de altura<\/p>\n<p><strong><u>CONDICIONES PARA ALQUILERES:<\/u><\/strong><\/p>\n<p>*Los montos de alquiler ser\u00e1n de: el 30% del valor total hasta 3 d\u00edas de alquiler y el 40% hasta 5 d\u00edas. El plazo para el pago es de 7 d\u00edas, pasados los mismos, se cobrar\u00e1 un plus del 15%.<\/p>\n<p>*Condici\u00f3n necesaria dejar un <strong>cheque de garant\u00eda<\/strong> por el <strong>valor total<\/strong> de la mercader\u00eda, que ser\u00e1 <strong>devuelto al momento del pago<\/strong>\u00a0del alquiler. (de tener da\u00f1os la misma, ser\u00e1n cobrados)<\/p>\n<p>*<strong>Tener en cuenta personal para carga y descarga de la mercader\u00eda<\/strong><\/p>\n<p>*<strong>Embalaje, a cargo de la productora<\/strong>. En caso de venir sin embalaje, se dejar\u00e1 asentado en el formulario<\/p>\n","protected":false},"excerpt":{"rendered":"<p>Escritorio Retro<\/p>\n<p>Tapa de vidrio con combonacion de patas de madera blancas<\/p>\n<p>Medidas: 120 cm x 60cm x 73 cm de altura<\/p>\n<p>Los montos de alquiler ser\u00e1n de:<\/p>\n<p>el 30% del valor total hasta 3 d\u00edas de alquiler y el 40% hasta 5 d\u00edas. El plazo para el pago es de 7 d\u00edas, pasados los mismos, se cobrar\u00e1 un plus del 15%.<\/p>\n","protected":false},"featured_media":20021,"comment_status":"open","ping_status":"closed","template":"","meta":{"_joinchat":[]},"product_brand":[],"product_cat":[130,125],"product_tag":[],"class_list":{"0":"post-3533","1":"product","2":"type-product","3":"status-publish","4":"has-post-thumbnail","6":"product_cat-alq-escritorios-mesas","7":"product_cat-alquileres","9":"first","10":"instock","11":"shipping-taxable","12":"purchasable","13":"product-type-simple"},"_links":{"self":[{"href":"https:\/\/www.hormigaemergente.com.ar\/2025\/wp-json\/wp\/v2\/product\/3533","targetHints":{"allow":["GET"]}}],"collection":[{"href":"https:\/\/www.hormigaemergente.com.ar\/2025\/wp-json\/wp\/v2\/product"}],"about":[{"href":"https:\/\/www.hormigaemergente.com.ar\/2025\/wp-json\/wp\/v2\/types\/product"}],"replies":[{"embeddable":true,"href":"https:\/\/www.hormigaemergente.com.ar\/2025\/wp-json\/wp\/v2\/comments?post=3533"}],"wp:featuredmedia":[{"embeddable":true,"href":"https:\/\/www.hormigaemergente.com.ar\/2025\/wp-json\/wp\/v2\/media\/20021"}],"wp:attachment":[{"href":"https:\/\/www.hormigaemergente.com.ar\/2025\/wp-json\/wp\/v2\/media?parent=3533"}],"wp:term":[{"taxonomy":"product_brand","embeddable":true,"href":"https:\/\/www.hormigaemergente.com.ar\/2025\/wp-json\/wp\/v2\/product_brand?post=3533"},{"taxonomy":"product_cat","embeddable":true,"href":"https:\/\/www.hormigaemergente.com.ar\/2025\/wp-json\/wp\/v2\/product_cat?post=3533"},{"taxonomy":"product_tag","embeddable":true,"href":"https:\/\/www.hormigaemergente.com.ar\/2025\/wp-json\/wp\/v2\/product_tag?post=3533"}],"curies":[{"name":"wp","href":"https:\/\/api.w.org\/{rel}","templated":true}]}}