{"id":3565,"date":"2021-10-27T20:42:56","date_gmt":"2021-10-27T20:42:56","guid":{"rendered":"http:\/\/hormigaemergente.com.ar\/wp2\/?post_type=product&#038;p=3565"},"modified":"2025-01-23T17:15:45","modified_gmt":"2025-01-23T17:15:45","slug":"silla-tulip-oficina-blanca","status":"publish","type":"product","link":"https:\/\/www.hormigaemergente.com.ar\/2025\/producto\/silla-tulip-oficina-blanca\/","title":{"rendered":"Silla Tulip"},"content":{"rendered":"<p>Silla Saarinen Tulip<\/p>\n<p>Forma parte de una serie de dise\u00f1os de mobiliario que Eero Saarinen, concibi\u00f3 a lo largo de su carrera, y es la manifestaci\u00f3n de su b\u00fasqueda de una forma ininterrumpida que pudiera cumplir con las funciones b\u00e1sicas requeridas por el cuerpo humano.<\/p>\n<p>La pata \u00fanica, tambi\u00e9n ofrece gran comodidad a los pies y permite que mediante la incorporaci\u00f3n de un mecanismo , que el asiento sea giratorio, ofreciendo a su usuario movimiento en sentido radial.<\/p>\n<p>La parte superior se compone de una pieza \u00fanica de fibra de vidrio que logra en un monovolumen logrando asi una soluci\u00f3n al asiento y respaldo.<br \/>\n_ _ _ _ _ _ _ _ _ _ _ _ _ _ _ _ _ _ _ _ _ _ _ _ _ _ _ _ _ _ _ _ _ _ _<br \/>\n* MATERIALIDAD:<\/p>\n<p>Casco de fibra de vidrio<br \/>\nBase de fundici\u00f3n de aluminio<br \/>\nGira 360\u00b0<br \/>\nAlmohad\u00f3n de placa soft de 29 de densidad, con funda lavable<br \/>\nConsulta tapizados y colores.<br \/>\n_ _ _ _ _ _ _ _ _ _ _ _ _ _ _ _ _ _ _ _ _ _ _ _ _ _ _ _ _ _ _ _ _ _ _<br \/>\n* DIMENSIONES:<\/p>\n<p>50 cm de ancho<br \/>\n80 cm de altura<br \/>\n_ _ _ _ _ _ _ _ _ _ _ _ _ _ _ _ _ _ _ _ _ _ _ _ _ _ _ _ _ _ _ _ _ _ _<\/p>\n<p>Ab\u00f3nalo hasta en 12 cuotas sin inter\u00e9s<br \/>\nConsulta valores en efectivo!<br \/>\n_ _ _ _ _ _ _ _ _ _ _ _ _ _ _ _ _ _ _ _ _ _ _ _ _ _ _ _ _ _ _ _ _ _ _<br \/>\nTenes dise\u00f1o, Tenes Industria Argentina<\/p>\n","protected":false},"excerpt":{"rendered":"<p>Silla Saarinen Tulip<\/p>\n<p>_ _ _ _ _ _ _ _ _ _ _ _ _ _ _ _ _ _ _ _ _ _ _ _ _ _ _ _ _ _ _ _ _ _ _<br \/>\n* DIMENSIONES: 50 cm de anchox 80 cm de altura<\/p>\n<p>Consultar stock antes de comprar.<\/p>\n<p>15 a 20 dias de produccion.<\/p>\n<p>Ab\u00f3nalo hasta en 12 cuotas sin inter\u00e9s<br \/>\nConsulta valores en efectivo!<br \/>\n_ _ _ _ _ _ _ _ _ _ _ _ _ _ _ _ _ _ _ _ _ _ _ _ _ _ _ _ _ _ _ _ _ _ _<br \/>\nTenes dise\u00f1o, Tenes Industria Argentina<\/p>\n","protected":false},"featured_media":20023,"comment_status":"open","ping_status":"closed","template":"","meta":{"_joinchat":[]},"product_brand":[],"product_cat":[132,125,109,140],"product_tag":[],"class_list":{"0":"post-3565","1":"product","2":"type-product","3":"status-publish","4":"has-post-thumbnail","6":"product_cat-alq-sillas","7":"product_cat-alquileres","8":"product_cat-casa","9":"product_cat-sillas","11":"first","12":"instock","13":"shipping-taxable","14":"product-type-simple"},"_links":{"self":[{"href":"https:\/\/www.hormigaemergente.com.ar\/2025\/wp-json\/wp\/v2\/product\/3565","targetHints":{"allow":["GET"]}}],"collection":[{"href":"https:\/\/www.hormigaemergente.com.ar\/2025\/wp-json\/wp\/v2\/product"}],"about":[{"href":"https:\/\/www.hormigaemergente.com.ar\/2025\/wp-json\/wp\/v2\/types\/product"}],"replies":[{"embeddable":true,"href":"https:\/\/www.hormigaemergente.com.ar\/2025\/wp-json\/wp\/v2\/comments?post=3565"}],"wp:featuredmedia":[{"embeddable":true,"href":"https:\/\/www.hormigaemergente.com.ar\/2025\/wp-json\/wp\/v2\/media\/20023"}],"wp:attachment":[{"href":"https:\/\/www.hormigaemergente.com.ar\/2025\/wp-json\/wp\/v2\/media?parent=3565"}],"wp:term":[{"taxonomy":"product_brand","embeddable":true,"href":"https:\/\/www.hormigaemergente.com.ar\/2025\/wp-json\/wp\/v2\/product_brand?post=3565"},{"taxonomy":"product_cat","embeddable":true,"href":"https:\/\/www.hormigaemergente.com.ar\/2025\/wp-json\/wp\/v2\/product_cat?post=3565"},{"taxonomy":"product_tag","embeddable":true,"href":"https:\/\/www.hormigaemergente.com.ar\/2025\/wp-json\/wp\/v2\/product_tag?post=3565"}],"curies":[{"name":"wp","href":"https:\/\/api.w.org\/{rel}","templated":true}]}}