{"id":3621,"date":"2021-11-01T15:54:06","date_gmt":"2021-11-01T15:54:06","guid":{"rendered":"http:\/\/hormigaemergente.com.ar\/wp2\/?post_type=product&#038;p=3621"},"modified":"2025-05-13T18:35:53","modified_gmt":"2025-05-13T18:35:53","slug":"sillon-tulip","status":"publish","type":"product","link":"https:\/\/www.hormigaemergente.com.ar\/2025\/producto\/sillon-tulip\/","title":{"rendered":"Sillon Tulip"},"content":{"rendered":"<p><span style=\"vertical-align: inherit;\"><span style=\"vertical-align: inherit;\">Sill\u00f3n Saarinen Tulip\u00e1n<\/span><\/span><\/p>\n<p><span style=\"vertical-align: inherit;\"><span style=\"vertical-align: inherit;\">Forma parte de una serie de dise\u00f1os de mobiliario que Eero Saarinen, concibi\u00f3 a lo largo de su carrera, y es la manifestaci\u00f3n de su b\u00fasqueda de una forma ininterrumpida que pudiera cumplir con las funciones b\u00e1sicas requeridas por el cuerpo humano.<\/span><\/span><\/p>\n<p><span style=\"vertical-align: inherit;\"><span style=\"vertical-align: inherit;\">La pata \u00fanica, tambi\u00e9n ofrece gran comodidad a los pies y permite que mediante la incorporaci\u00f3n de un mecanismo, que el asiento sea giratorio, ofreciendo a su usuario movimiento en sentido radial.<\/span><\/span><\/p>\n<p><span style=\"vertical-align: inherit;\"><span style=\"vertical-align: inherit;\">La parte superior se compone de una pieza \u00fanica de fibra de vidrio que logra en un monovolumen logrando as\u00ed una soluci\u00f3n al asiento y respaldo. <\/span><\/span><br \/>\n<span style=\"vertical-align: inherit;\"><span style=\"vertical-align: inherit;\">_ _ _ _ _ _ _ _ _ _ _ _ _ _ _ _ _ _ _ _ _ _ _ _ _ _ _ _ _ _ _ _ _ _ _ <\/span><\/span><br \/>\n<span style=\"vertical-align: inherit;\"><span style=\"vertical-align: inherit;\">* MATERIALIDAD:<\/span><\/span><\/p>\n<p><span style=\"vertical-align: inherit;\"><span style=\"vertical-align: inherit;\">Casco de fibra de vidrio <\/span><\/span><br \/>\n<span style=\"vertical-align: inherit;\"><span style=\"vertical-align: inherit;\">Base de fundici\u00f3n de aluminio <\/span><\/span><br \/>\n<span style=\"vertical-align: inherit;\"><span style=\"vertical-align: inherit;\">Gira 360\u00b0 <\/span><\/span><br \/>\n<span style=\"vertical-align: inherit;\"><span style=\"vertical-align: inherit;\">Almohad\u00f3n de placa soft de 29 de densidad, con funda lavable <\/span><\/span><br \/>\n<span style=\"vertical-align: inherit;\"><span style=\"vertical-align: inherit;\">Consulta tapizados y colores. <\/span><\/span><br \/>\n<span style=\"vertical-align: inherit;\"><span style=\"vertical-align: inherit;\">_ _ _ _ _ _ _ _ _ _ _ _ _ _ _ _ _ _ _ _ _ _ _ _ _ _ _ _ _ _ _ _ _ _ _ <\/span><\/span><br \/>\n<span style=\"vertical-align: inherit;\"><span style=\"vertical-align: inherit;\">* DIMENSIONES:<\/span><\/span><\/p>\n<p><span style=\"vertical-align: inherit;\"><span style=\"vertical-align: inherit;\">60 cm de ancho <\/span><\/span><br \/>\n<span style=\"vertical-align: inherit;\"><span style=\"vertical-align: inherit;\">80 cm de altura <\/span><\/span><br \/>\n<span style=\"vertical-align: inherit;\"><span style=\"vertical-align: inherit;\">_ _ _ _ _ _ _ _ _ _ _ _ _ _ _ _ _ _ _ _ _ _ _ _ _ _ _ _ _ _ _ _ _ _ _ <\/span><\/span><br \/>\n<span style=\"vertical-align: inherit;\"><span style=\"vertical-align: inherit;\">Tenes dise\u00f1o, Tenes Industria Argentina<\/span><\/span><\/p>\n","protected":false},"excerpt":{"rendered":"<p><span style=\"vertical-align: inherit;\"><span style=\"vertical-align: inherit;\">Sill\u00f3n Saarinen Tulip\u00e1n<\/span><\/span><\/p>\n<p>&nbsp;<\/p>\n<p><span style=\"vertical-align: inherit;\"><span style=\"vertical-align: inherit;\">\u00a1Consulta Valores en Efectivo!<\/span><\/span><\/p>\n<p><span style=\"vertical-align: inherit;\"><span style=\"vertical-align: inherit;\">_ _ _ _ _ _ _ _ _ _ _ _ _ _ _ _ _ _ _ _ _ _ _ _ _ _ _ _ _ _ _ _ _ _ _ <\/span><\/span><br \/>\n<span style=\"vertical-align: inherit;\"><span style=\"vertical-align: inherit;\">Tenes dise\u00f1o, Tenes Industria Argentina<\/span><\/span><\/p>\n","protected":false},"featured_media":20058,"comment_status":"open","ping_status":"closed","template":"","meta":{"_joinchat":[]},"product_brand":[],"product_cat":[109,140],"product_tag":[397,375,399,391,379,395,392,398,400,401,389,396,361,388,393,386,390,394,387],"class_list":{"0":"post-3621","1":"product","2":"type-product","3":"status-publish","4":"has-post-thumbnail","6":"product_cat-casa","7":"product_cat-sillas","8":"product_tag-clasico-del-diseno","9":"product_tag-clasico-del-diseno-moderno","10":"product_tag-diseno-escandinavo","11":"product_tag-diseno-escandinavo-moderno","12":"product_tag-diseno-moderno","13":"product_tag-eero-saarinen","14":"product_tag-muebles-de-diseno-iconico","15":"product_tag-muebles-iconicos","16":"product_tag-muebles-vintage","17":"product_tag-silla-de-autor","18":"product_tag-sillon-base-central","19":"product_tag-sillon-con-base-unica","20":"product_tag-sillon-de-autor","21":"product_tag-sillon-de-diseno-saarinen","22":"product_tag-sillon-giratorio-elegante","23":"product_tag-sillon-tulip","24":"product_tag-sillon-vintage-contemporaneo","25":"product_tag-tulip-chair","26":"product_tag-tulip-chair-original","28":"first","29":"instock","30":"shipping-taxable","31":"product-type-simple"},"_links":{"self":[{"href":"https:\/\/www.hormigaemergente.com.ar\/2025\/wp-json\/wp\/v2\/product\/3621","targetHints":{"allow":["GET"]}}],"collection":[{"href":"https:\/\/www.hormigaemergente.com.ar\/2025\/wp-json\/wp\/v2\/product"}],"about":[{"href":"https:\/\/www.hormigaemergente.com.ar\/2025\/wp-json\/wp\/v2\/types\/product"}],"replies":[{"embeddable":true,"href":"https:\/\/www.hormigaemergente.com.ar\/2025\/wp-json\/wp\/v2\/comments?post=3621"}],"wp:featuredmedia":[{"embeddable":true,"href":"https:\/\/www.hormigaemergente.com.ar\/2025\/wp-json\/wp\/v2\/media\/20058"}],"wp:attachment":[{"href":"https:\/\/www.hormigaemergente.com.ar\/2025\/wp-json\/wp\/v2\/media?parent=3621"}],"wp:term":[{"taxonomy":"product_brand","embeddable":true,"href":"https:\/\/www.hormigaemergente.com.ar\/2025\/wp-json\/wp\/v2\/product_brand?post=3621"},{"taxonomy":"product_cat","embeddable":true,"href":"https:\/\/www.hormigaemergente.com.ar\/2025\/wp-json\/wp\/v2\/product_cat?post=3621"},{"taxonomy":"product_tag","embeddable":true,"href":"https:\/\/www.hormigaemergente.com.ar\/2025\/wp-json\/wp\/v2\/product_tag?post=3621"}],"curies":[{"name":"wp","href":"https:\/\/api.w.org\/{rel}","templated":true}]}}