{"id":3626,"date":"2021-11-01T20:23:11","date_gmt":"2021-11-01T20:23:11","guid":{"rendered":"http:\/\/hormigaemergente.com.ar\/wp2\/?post_type=product&#038;p=3626"},"modified":"2025-11-11T18:49:38","modified_gmt":"2025-11-11T18:49:38","slug":"diamond","status":"publish","type":"product","link":"https:\/\/www.hormigaemergente.com.ar\/2025\/producto\/diamond\/","title":{"rendered":"Diamond"},"content":{"rendered":"<p>Sillon Diamond<\/p>\n<p>Toma este nombre de su caracter\u00edstica silueta en forma de diamante, tiene un dise\u00f1o poco habitual para una silla\u00a0 (que normalmente buscan la comodidad por encima de todo),\u00a0 ya que el material en que est\u00e1 realizada es completamente r\u00edgido y algo fr\u00edo al tacto<br \/>\n_ _ _ _ _ _ _ _ _ _ _ _ _ _ _ _ _ _ _ _ _ _ _ _ _ _ _ _ _ _ _ _ _ _ _<br \/>\n* MATERIALIDAD:<br \/>\nEstructura de varillas met\u00e1licas cromadas<br \/>\nAlmohad\u00f3n incluido<br \/>\n_ _ _ _ _ _ _ _ _ _ _ _ _ _ _ _ _ _ _ _ _ _ _ _ _ _ _ _ _ _ _ _ _ _ _<br \/>\n* DIMENSIONES:<br \/>\n85 cm de largo x 75 cm de profundidad x 73 cm de altura.<br \/>\n_ _ _ _ _ _ _ _ _ _ _ _ _ _ _ _ _ _ _ _ _ _ _ _ _ _ _ _ _ _ _ _ _ _ _<br \/>\nAb\u00f3nalo hasta en 12 cuotas sin inter\u00e9s.<br \/>\nConsulta valores en efectivo!<br \/>\n_ _ _ _ _ _ _ _ _ _ _ _ _ _ _ _ _ _ _ _ _ _ _ _ _ _ _ _ _ _ _ _ _ _ _<br \/>\nTenes dise\u00f1o, Tenes Industria Argentina<\/p>\n","protected":false},"excerpt":{"rendered":"<p>Sillon Daimond<\/p>\n<p>_ _ _ _ _ _ _ _ _ _ _ _ _ _ _ _ _ _ _ _ _ _ _ _ _ _ _ _ _ _ _ _ _ _ _<br \/>\nAb\u00f3nalo hasta en 12 cuotas sin inter\u00e9s.<br \/>\nConsulta valores en efectivo!<br \/>\n_ _ _ _ _ _ _ _ _ _ _ _ _ _ _ _ _ _ _ _ _ _ _ _ _ _ _ _ _ _ _ _ _ _ _<br \/>\nTenes dise\u00f1o, Tenes Industria Argentina<\/p>\n","protected":false},"featured_media":21625,"comment_status":"open","ping_status":"closed","template":"","meta":{"_joinchat":[]},"product_brand":[],"product_cat":[109,140],"product_tag":[375,380,377,370,383,379,384,378,373,382,385,376,361,371,374,368,369,372,381],"class_list":{"0":"post-3626","1":"product","2":"type-product","3":"status-publish","4":"has-post-thumbnail","6":"product_cat-casa","7":"product_cat-sillas","8":"product_tag-clasico-del-diseno-moderno","9":"product_tag-clasicos-del-diseno","10":"product_tag-diamond-chair","11":"product_tag-diamond-chair-original","12":"product_tag-diseno-industrial","13":"product_tag-diseno-moderno","14":"product_tag-estructura-en-acero","15":"product_tag-harry-bertoia","16":"product_tag-mueble-de-diseno-industrial","17":"product_tag-mueble-metalico","18":"product_tag-muebles-de-autor","19":"product_tag-sillon-con-estructura-de-acero","20":"product_tag-sillon-de-autor","21":"product_tag-sillon-de-diseno-metalico","22":"product_tag-sillon-decorativo-para-interiores","23":"product_tag-sillon-diamond","24":"product_tag-sillon-diamond-de-bertoia","25":"product_tag-sillon-moderno-iconico","26":"product_tag-sillones-iconicos","28":"first","29":"instock","30":"shipping-taxable","31":"purchasable","32":"product-type-simple"},"_links":{"self":[{"href":"https:\/\/www.hormigaemergente.com.ar\/2025\/wp-json\/wp\/v2\/product\/3626","targetHints":{"allow":["GET"]}}],"collection":[{"href":"https:\/\/www.hormigaemergente.com.ar\/2025\/wp-json\/wp\/v2\/product"}],"about":[{"href":"https:\/\/www.hormigaemergente.com.ar\/2025\/wp-json\/wp\/v2\/types\/product"}],"replies":[{"embeddable":true,"href":"https:\/\/www.hormigaemergente.com.ar\/2025\/wp-json\/wp\/v2\/comments?post=3626"}],"wp:featuredmedia":[{"embeddable":true,"href":"https:\/\/www.hormigaemergente.com.ar\/2025\/wp-json\/wp\/v2\/media\/21625"}],"wp:attachment":[{"href":"https:\/\/www.hormigaemergente.com.ar\/2025\/wp-json\/wp\/v2\/media?parent=3626"}],"wp:term":[{"taxonomy":"product_brand","embeddable":true,"href":"https:\/\/www.hormigaemergente.com.ar\/2025\/wp-json\/wp\/v2\/product_brand?post=3626"},{"taxonomy":"product_cat","embeddable":true,"href":"https:\/\/www.hormigaemergente.com.ar\/2025\/wp-json\/wp\/v2\/product_cat?post=3626"},{"taxonomy":"product_tag","embeddable":true,"href":"https:\/\/www.hormigaemergente.com.ar\/2025\/wp-json\/wp\/v2\/product_tag?post=3626"}],"curies":[{"name":"wp","href":"https:\/\/api.w.org\/{rel}","templated":true}]}}