{"id":3908,"date":"2022-01-21T14:53:55","date_gmt":"2022-01-21T14:53:55","guid":{"rendered":"http:\/\/hormigaemergente.com.ar\/wp2\/?post_type=product&#038;p=3908"},"modified":"2025-05-16T18:27:37","modified_gmt":"2025-05-16T18:27:37","slug":"esfera-colgante","status":"publish","type":"product","link":"https:\/\/www.hormigaemergente.com.ar\/2025\/producto\/esfera-colgante\/","title":{"rendered":"Esfera colgante"},"content":{"rendered":"<p>&nbsp;<\/p>\n<p><span style=\"vertical-align: inherit;\"><span style=\"vertical-align: inherit;\">Un globo luminoso con sombrero de acr\u00edlico de color transl\u00facido o blanco s\u00f3lido, ideal para iluminar ambientes chicos y grandes.<\/span><\/span><\/p>\n<p><strong><span style=\"vertical-align: inherit;\"><span style=\"vertical-align: inherit;\">Especificaciones:\u00a0<\/span><\/span><\/strong><\/p>\n<p><span style=\"vertical-align: inherit;\"><span style=\"vertical-align: inherit;\">Semiesfera de acr\u00edlico trasl\u00facida color rojo con 35 Cm de di\u00e1metro y globo blanco s\u00f3lido<\/span><\/span><\/p>\n<p>&nbsp;<\/p>\n<div><b><span style=\"vertical-align: inherit;\"><span style=\"vertical-align: inherit;\">informacion tecnica:<\/span><\/span><\/b><\/div>\n<div><span style=\"vertical-align: inherit;\"><span style=\"vertical-align: inherit;\">Semiesfera de acr\u00edlico en color trasl\u00facido de 4 mm. <\/span><span style=\"vertical-align: inherit;\">de espesor. <\/span><\/span><br \/>\n<span style=\"vertical-align: inherit;\"><span style=\"vertical-align: inherit;\">Globo de acr\u00edlico blanco de 30 cm de di\u00e1metro. <\/span><\/span><br \/>\n<span style=\"vertical-align: inherit;\"><span style=\"vertical-align: inherit;\">Piezas de sujeci\u00f3n en metal acabado epoxi blanco. <\/span><\/span><br \/>\n<span style=\"vertical-align: inherit;\"><span style=\"vertical-align: inherit;\">Cable transparente esta\u00f1ado y cable tensor de acero, ambos por 1,70 m. <\/span><\/span><br \/>\n<span style=\"vertical-align: inherit;\"><span style=\"vertical-align: inherit;\">E-27. <\/span><span style=\"vertical-align: inherit;\">L\u00e1mpara bajo consumo c\u00e1lido de 20 watts.<\/span><\/span><\/div>\n<div><\/div>\n<div><span style=\"vertical-align: inherit;\"><span style=\"vertical-align: inherit;\">ALQUILER SOLO $59239.99<\/span><\/span><\/div>\n","protected":false},"excerpt":{"rendered":"<p>&nbsp; Un globo luminoso con sombrero de acr\u00edlico de color transl\u00facido o blanco s\u00f3lido, ideal para iluminar ambientes chicos y<\/p>\n","protected":false},"featured_media":20129,"comment_status":"open","ping_status":"closed","template":"","meta":{"_joinchat":[]},"product_brand":[],"product_cat":[129,125],"product_tag":[],"class_list":{"0":"post-3908","1":"product","2":"type-product","3":"status-publish","4":"has-post-thumbnail","6":"product_cat-alq-iluminacion","7":"product_cat-alquileres","9":"first","10":"instock","11":"shipping-taxable","12":"product-type-simple"},"_links":{"self":[{"href":"https:\/\/www.hormigaemergente.com.ar\/2025\/wp-json\/wp\/v2\/product\/3908","targetHints":{"allow":["GET"]}}],"collection":[{"href":"https:\/\/www.hormigaemergente.com.ar\/2025\/wp-json\/wp\/v2\/product"}],"about":[{"href":"https:\/\/www.hormigaemergente.com.ar\/2025\/wp-json\/wp\/v2\/types\/product"}],"replies":[{"embeddable":true,"href":"https:\/\/www.hormigaemergente.com.ar\/2025\/wp-json\/wp\/v2\/comments?post=3908"}],"wp:featuredmedia":[{"embeddable":true,"href":"https:\/\/www.hormigaemergente.com.ar\/2025\/wp-json\/wp\/v2\/media\/20129"}],"wp:attachment":[{"href":"https:\/\/www.hormigaemergente.com.ar\/2025\/wp-json\/wp\/v2\/media?parent=3908"}],"wp:term":[{"taxonomy":"product_brand","embeddable":true,"href":"https:\/\/www.hormigaemergente.com.ar\/2025\/wp-json\/wp\/v2\/product_brand?post=3908"},{"taxonomy":"product_cat","embeddable":true,"href":"https:\/\/www.hormigaemergente.com.ar\/2025\/wp-json\/wp\/v2\/product_cat?post=3908"},{"taxonomy":"product_tag","embeddable":true,"href":"https:\/\/www.hormigaemergente.com.ar\/2025\/wp-json\/wp\/v2\/product_tag?post=3908"}],"curies":[{"name":"wp","href":"https:\/\/api.w.org\/{rel}","templated":true}]}}