{"id":3910,"date":"2022-01-21T14:59:26","date_gmt":"2022-01-21T14:59:26","guid":{"rendered":"http:\/\/hormigaemergente.com.ar\/wp2\/?post_type=product&#038;p=3910"},"modified":"2024-09-03T19:07:15","modified_gmt":"2024-09-03T19:07:15","slug":"semi-arco","status":"publish","type":"product","link":"https:\/\/www.hormigaemergente.com.ar\/2025\/producto\/semi-arco\/","title":{"rendered":"Semi arco"},"content":{"rendered":"<p>&nbsp;<\/p>\n<div>\n<h3><span style=\"vertical-align: inherit;\"><span style=\"vertical-align: inherit;\">Descripci\u00f3n<\/span><\/span><\/h3>\n<div>\n<div><span style=\"vertical-align: inherit;\"><span style=\"vertical-align: inherit;\">L\u00e1mpara de pie de gran porte con un arco extensible de 2 mts. <\/span><span style=\"vertical-align: inherit;\">Una curva muy arm\u00f3nica de alto valor decorativo. <\/span><span style=\"vertical-align: inherit;\">Ideal para espacios residenciales, comerciales y p\u00fablicos.<\/span><\/span><\/div>\n<div>$59239.99<\/div>\n<\/div>\n<\/div>\n","protected":false},"excerpt":{"rendered":"<p>&nbsp; Descripci\u00f3n L\u00e1mpara de pie de gran porte con un arco extensible de 2 mts. Una curva muy arm\u00f3nica de<\/p>\n","protected":false},"featured_media":20130,"comment_status":"open","ping_status":"closed","template":"","meta":{"_joinchat":[]},"product_brand":[],"product_cat":[129,125,123],"product_tag":[239,240,241],"class_list":{"0":"post-3910","1":"product","2":"type-product","3":"status-publish","4":"has-post-thumbnail","6":"product_cat-alq-iluminacion","7":"product_cat-alquileres","8":"product_cat-iluminacion-de-pie","9":"product_tag-lampara-arco","10":"product_tag-lampara-arco-de-pie","11":"product_tag-lampara-de-acrilico","13":"first","14":"instock","15":"shipping-taxable","16":"product-type-simple"},"_links":{"self":[{"href":"https:\/\/www.hormigaemergente.com.ar\/2025\/wp-json\/wp\/v2\/product\/3910","targetHints":{"allow":["GET"]}}],"collection":[{"href":"https:\/\/www.hormigaemergente.com.ar\/2025\/wp-json\/wp\/v2\/product"}],"about":[{"href":"https:\/\/www.hormigaemergente.com.ar\/2025\/wp-json\/wp\/v2\/types\/product"}],"replies":[{"embeddable":true,"href":"https:\/\/www.hormigaemergente.com.ar\/2025\/wp-json\/wp\/v2\/comments?post=3910"}],"wp:featuredmedia":[{"embeddable":true,"href":"https:\/\/www.hormigaemergente.com.ar\/2025\/wp-json\/wp\/v2\/media\/20130"}],"wp:attachment":[{"href":"https:\/\/www.hormigaemergente.com.ar\/2025\/wp-json\/wp\/v2\/media?parent=3910"}],"wp:term":[{"taxonomy":"product_brand","embeddable":true,"href":"https:\/\/www.hormigaemergente.com.ar\/2025\/wp-json\/wp\/v2\/product_brand?post=3910"},{"taxonomy":"product_cat","embeddable":true,"href":"https:\/\/www.hormigaemergente.com.ar\/2025\/wp-json\/wp\/v2\/product_cat?post=3910"},{"taxonomy":"product_tag","embeddable":true,"href":"https:\/\/www.hormigaemergente.com.ar\/2025\/wp-json\/wp\/v2\/product_tag?post=3910"}],"curies":[{"name":"wp","href":"https:\/\/api.w.org\/{rel}","templated":true}]}}