{"id":3952,"date":"2022-01-21T16:46:56","date_gmt":"2022-01-21T16:46:56","guid":{"rendered":"http:\/\/hormigaemergente.com.ar\/wp2\/?post_type=product&#038;p=3952"},"modified":"2022-05-04T15:06:54","modified_gmt":"2022-05-04T15:06:54","slug":"odisea-delta","status":"publish","type":"product","link":"https:\/\/www.hormigaemergente.com.ar\/2025\/producto\/odisea-delta\/","title":{"rendered":"Odisea Delta"},"content":{"rendered":"<p><span style=\"vertical-align: inherit;\"><span style=\"vertical-align: inherit;\">C\u00fapula de acr\u00edlico trasl\u00facido de 5 mm de espesor con estampa de dise\u00f1o exclusivo.<\/span><\/span><\/p>\n<p><span style=\"vertical-align: inherit;\"><span style=\"vertical-align: inherit;\">Piezas de sujeci\u00f3n en metal cromado.<\/span><\/span><\/p>\n<p><span style=\"vertical-align: inherit;\"><span style=\"vertical-align: inherit;\">Cable transparente esta\u00f1ado y cable tensor de acero, ambos por 1,70 m. <\/span><span style=\"vertical-align: inherit;\">E-27.<\/span><\/span><\/p>\n<p><span style=\"vertical-align: inherit;\"><span style=\"vertical-align: inherit;\">L\u00e1mpara recomendada: bajo consumo c\u00e1lido de 20\/23 watts, modelo Globe.<\/span><\/span><\/p>\n<p><span style=\"vertical-align: inherit;\"><span style=\"vertical-align: inherit;\">Colores: cristal<\/span><\/span><\/p>\n<p>&nbsp;<\/p>\n<div><\/div>\n<div><span style=\"vertical-align: inherit;\"><span style=\"vertical-align: inherit;\">ALQUILER SOLO<\/span><\/span><\/div>\n","protected":false},"excerpt":{"rendered":"<p>C\u00fapula de acr\u00edlico trasl\u00facido de 5 mm de espesor con estampa de dise\u00f1o exclusivo. Piezas de sujeci\u00f3n en metal cromado.<\/p>\n","protected":false},"featured_media":20146,"comment_status":"open","ping_status":"closed","template":"","meta":{"_joinchat":[]},"product_brand":[],"product_cat":[129,125],"product_tag":[],"class_list":{"0":"post-3952","1":"product","2":"type-product","3":"status-publish","4":"has-post-thumbnail","6":"product_cat-alq-iluminacion","7":"product_cat-alquileres","9":"first","10":"instock","11":"shipping-taxable","12":"purchasable","13":"product-type-simple"},"_links":{"self":[{"href":"https:\/\/www.hormigaemergente.com.ar\/2025\/wp-json\/wp\/v2\/product\/3952","targetHints":{"allow":["GET"]}}],"collection":[{"href":"https:\/\/www.hormigaemergente.com.ar\/2025\/wp-json\/wp\/v2\/product"}],"about":[{"href":"https:\/\/www.hormigaemergente.com.ar\/2025\/wp-json\/wp\/v2\/types\/product"}],"replies":[{"embeddable":true,"href":"https:\/\/www.hormigaemergente.com.ar\/2025\/wp-json\/wp\/v2\/comments?post=3952"}],"wp:featuredmedia":[{"embeddable":true,"href":"https:\/\/www.hormigaemergente.com.ar\/2025\/wp-json\/wp\/v2\/media\/20146"}],"wp:attachment":[{"href":"https:\/\/www.hormigaemergente.com.ar\/2025\/wp-json\/wp\/v2\/media?parent=3952"}],"wp:term":[{"taxonomy":"product_brand","embeddable":true,"href":"https:\/\/www.hormigaemergente.com.ar\/2025\/wp-json\/wp\/v2\/product_brand?post=3952"},{"taxonomy":"product_cat","embeddable":true,"href":"https:\/\/www.hormigaemergente.com.ar\/2025\/wp-json\/wp\/v2\/product_cat?post=3952"},{"taxonomy":"product_tag","embeddable":true,"href":"https:\/\/www.hormigaemergente.com.ar\/2025\/wp-json\/wp\/v2\/product_tag?post=3952"}],"curies":[{"name":"wp","href":"https:\/\/api.w.org\/{rel}","templated":true}]}}